{"id":6267,"date":"2026-03-18T08:30:17","date_gmt":"2026-03-18T12:30:17","guid":{"rendered":"https:\/\/respectcanada.org\/?page_id=6267"},"modified":"2026-03-18T08:37:08","modified_gmt":"2026-03-18T12:37:08","slug":"drew-burgwin","status":"publish","type":"page","link":"https:\/\/respectcanada.org\/fr\/drew-burgwin\/","title":{"rendered":"Drew Burgwin"},"content":{"rendered":"<div data-elementor-type=\"wp-page\" data-elementor-id=\"6267\" class=\"elementor elementor-6267\" data-elementor-post-type=\"page\">\n\t\t\t\t\t\t<section class=\"elementor-section elementor-top-section elementor-element elementor-element-1bfbe50 elementor-section-boxed elementor-section-height-default elementor-section-height-default\" data-id=\"1bfbe50\" data-element_type=\"section\" data-e-type=\"section\">\n\t\t\t\t\t\t<div class=\"elementor-container elementor-column-gap-default\">\n\t\t\t\t\t<div class=\"elementor-column elementor-col-100 elementor-top-column elementor-element elementor-element-b4b7d4e\" data-id=\"b4b7d4e\" data-element_type=\"column\" data-e-type=\"column\">\n\t\t\t<div class=\"elementor-widget-wrap elementor-element-populated\">\n\t\t\t\t\t\t<section class=\"elementor-section elementor-inner-section elementor-element elementor-element-e1253d0 elementor-section-boxed elementor-section-height-default elementor-section-height-default\" data-id=\"e1253d0\" data-element_type=\"section\" data-e-type=\"section\">\n\t\t\t\t\t\t<div class=\"elementor-container elementor-column-gap-default\">\n\t\t\t\t\t<div class=\"elementor-column elementor-col-50 elementor-inner-column elementor-element elementor-element-78b1a61\" data-id=\"78b1a61\" data-element_type=\"column\" data-e-type=\"column\">\n\t\t\t<div class=\"elementor-widget-wrap elementor-element-populated\">\n\t\t\t\t\t\t<div class=\"elementor-element elementor-element-348d550 elementor-widget elementor-widget-image\" data-id=\"348d550\" data-element_type=\"widget\" data-e-type=\"widget\" data-widget_type=\"image.default\">\n\t\t\t\t<div class=\"elementor-widget-container\">\n\t\t\t\t\t\t\t\t\t\t\t\t\t\t\t<img fetchpriority=\"high\" decoding=\"async\" width=\"400\" height=\"500\" src=\"https:\/\/respectcanada.org\/wp-content\/uploads\/2023\/02\/respect-forum-team-drew-burgwin.png\" class=\"attachment-large size-large wp-image-1264\" alt=\"\" srcset=\"https:\/\/respectcanada.org\/wp-content\/uploads\/2023\/02\/respect-forum-team-drew-burgwin.png 400w, https:\/\/respectcanada.org\/wp-content\/uploads\/2023\/02\/respect-forum-team-drew-burgwin-240x300.png 240w, https:\/\/respectcanada.org\/wp-content\/uploads\/2023\/02\/respect-forum-team-drew-burgwin-10x12.png 10w\" sizes=\"(max-width: 400px) 100vw, 400px\" \/>\t\t\t\t\t\t\t\t\t\t\t\t\t\t\t<\/div>\n\t\t\t\t<\/div>\n\t\t\t\t\t<\/div>\n\t\t<\/div>\n\t\t\t\t<div class=\"elementor-column elementor-col-50 elementor-inner-column elementor-element elementor-element-2dd204b\" data-id=\"2dd204b\" data-element_type=\"column\" data-e-type=\"column\">\n\t\t\t<div class=\"elementor-widget-wrap elementor-element-populated\">\n\t\t\t\t\t\t<div class=\"elementor-element elementor-element-0f78efa elementor-widget elementor-widget-text-editor\" data-id=\"0f78efa\" data-element_type=\"widget\" data-e-type=\"widget\" data-widget_type=\"text-editor.default\">\n\t\t\t\t<div class=\"elementor-widget-container\">\n\t\t\t\t\t\t\t\t\t<div class=\"elementor-element elementor-element-665ae81 elementor-widget elementor-widget-heading\" data-id=\"665ae81\" data-element_type=\"widget\" data-e-type=\"widget\" data-widget_type=\"heading.default\"><div class=\"elementor-widget-container\"><h3 class=\"elementor-heading-title elementor-size-default\">Drew Burgwin, coordinateur de la r\u00e9gion Ouest<\/h3><\/div><\/div><div class=\"elementor-element elementor-element-49d5de6 elementor-widget elementor-widget-text-editor\" data-id=\"49d5de6\" data-element_type=\"widget\" data-e-type=\"widget\" data-widget_type=\"text-editor.default\"><div class=\"elementor-widget-container\"><p><strong>Email Drew at respect.westerncoord@gmail.com<\/strong><\/p><p>Drew Burgwin est \u00e0 la retraite apr\u00e8s quarante ans pass\u00e9s dans les services de sant\u00e9 d'urgence, d'abord \u00e0 Halifax, en Nouvelle-\u00c9cosse, puis \u00e0 Calgary et, enfin, dans les services de sant\u00e9 d'urgence de la Colombie-Britannique (BCEHS). Il a pass\u00e9 vingt ans en tant que param\u00e9dical de soins avanc\u00e9s, puis vingt ans \u00e0 des postes de direction dans les domaines de l'am\u00e9lioration de la qualit\u00e9 et de l'\u00e9ducation. Il a jou\u00e9 un r\u00f4le d\u00e9terminant dans les premi\u00e8res \u00e9tapes du d\u00e9veloppement du programme d'am\u00e9lioration de la qualit\u00e9 du BCEHS et, plus tard, a cr\u00e9\u00e9 la division provinciale de l'\u00e9ducation en tant que premier directeur.<\/p><p>Il a re\u00e7u la m\u00e9daille pour services distingu\u00e9s des services m\u00e9dicaux d'urgence du Canada et, en 2000, il a obtenu une ma\u00eetrise en leadership et formation \u00e0 l'universit\u00e9 Royal Roads.<\/p><p>Travaillant avec Respect Canada depuis 2018, il est actuellement le coordonnateur de la r\u00e9gion de l'Ouest pour le Forum du respect, soutenant les animateurs dans leurs efforts pour organiser des r\u00e9unions du Forum du respect dans sept villes de l'Ouest du Canada.<\/p><p>Drew profite actuellement de la vie avec sa femme Joan dans la vall\u00e9e de Cowichan, sur l'\u00eele de Vancouver. Il a r\u00e9cemment accept\u00e9 un poste b\u00e9n\u00e9vole au sein du conseil d'administration de la Cowichan Housing Association, qui s'est engag\u00e9e \u00e0 r\u00e9unir les principaux partenaires du secteur du logement afin de cr\u00e9er des possibilit\u00e9s de logement abordable, de partager les ressources et d'am\u00e9liorer la collaboration.<\/p><\/div><\/div>\t\t\t\t\t\t\t\t<\/div>\n\t\t\t\t<\/div>\n\t\t\t\t\t<\/div>\n\t\t<\/div>\n\t\t\t\t\t<\/div>\n\t\t<\/section>\n\t\t\t\t\t<\/div>\n\t\t<\/div>\n\t\t\t\t\t<\/div>\n\t\t<\/section>\n\t\t\t\t<\/div>","protected":false},"excerpt":{"rendered":"<p>Drew Burgwin, Western Region Coordinator Email Drew at respect.westerncoord@gmail.com Drew Burgwin is retired after forty years in Emergency Health Services, beginning in Halifax, Nova Scotia, continuing through Calgary and, finally, the British Columbia Emergency Health Services (BCEHS). He spent twenty years as an Advanced Care Paramedic followed by twenty years in management positions in quality [&hellip;]<\/p>\n","protected":false},"author":3,"featured_media":0,"parent":0,"menu_order":0,"comment_status":"closed","ping_status":"closed","template":"","meta":{"footnotes":""},"class_list":["post-6267","page","type-page","status-publish","hentry"],"_links":{"self":[{"href":"https:\/\/respectcanada.org\/fr\/wp-json\/wp\/v2\/pages\/6267","targetHints":{"allow":["GET"]}}],"collection":[{"href":"https:\/\/respectcanada.org\/fr\/wp-json\/wp\/v2\/pages"}],"about":[{"href":"https:\/\/respectcanada.org\/fr\/wp-json\/wp\/v2\/types\/page"}],"author":[{"embeddable":true,"href":"https:\/\/respectcanada.org\/fr\/wp-json\/wp\/v2\/users\/3"}],"replies":[{"embeddable":true,"href":"https:\/\/respectcanada.org\/fr\/wp-json\/wp\/v2\/comments?post=6267"}],"version-history":[{"count":5,"href":"https:\/\/respectcanada.org\/fr\/wp-json\/wp\/v2\/pages\/6267\/revisions"}],"predecessor-version":[{"id":6275,"href":"https:\/\/respectcanada.org\/fr\/wp-json\/wp\/v2\/pages\/6267\/revisions\/6275"}],"wp:attachment":[{"href":"https:\/\/respectcanada.org\/fr\/wp-json\/wp\/v2\/media?parent=6267"}],"curies":[{"name":"wp","href":"https:\/\/api.w.org\/{rel}","templated":true}]}}