{"id":6002,"date":"2026-01-16T14:10:21","date_gmt":"2026-01-16T19:10:21","guid":{"rendered":"https:\/\/respectcanada.org\/?page_id=6002"},"modified":"2026-01-16T14:18:42","modified_gmt":"2026-01-16T19:18:42","slug":"gord-hagar","status":"publish","type":"page","link":"https:\/\/respectcanada.org\/fr\/gord-hagar\/","title":{"rendered":"Gord Hagar"},"content":{"rendered":"<div data-elementor-type=\"wp-page\" data-elementor-id=\"6002\" class=\"elementor elementor-6002\" data-elementor-post-type=\"page\">\n\t\t\t\t\t\t<section class=\"elementor-section elementor-top-section elementor-element elementor-element-4ef8270 elementor-section-boxed elementor-section-height-default elementor-section-height-default\" data-id=\"4ef8270\" data-element_type=\"section\" data-e-type=\"section\">\n\t\t\t\t\t\t<div class=\"elementor-container elementor-column-gap-default\">\n\t\t\t\t\t<div class=\"elementor-column elementor-col-100 elementor-top-column elementor-element elementor-element-90fc95c\" data-id=\"90fc95c\" data-element_type=\"column\" data-e-type=\"column\">\n\t\t\t<div class=\"elementor-widget-wrap elementor-element-populated\">\n\t\t\t\t\t\t<section class=\"elementor-section elementor-inner-section elementor-element elementor-element-e36cce3 elementor-section-boxed elementor-section-height-default elementor-section-height-default\" data-id=\"e36cce3\" data-element_type=\"section\" data-e-type=\"section\">\n\t\t\t\t\t\t<div class=\"elementor-container elementor-column-gap-default\">\n\t\t\t\t\t<div class=\"elementor-column elementor-col-50 elementor-inner-column elementor-element elementor-element-82ea525\" data-id=\"82ea525\" data-element_type=\"column\" data-e-type=\"column\">\n\t\t\t<div class=\"elementor-widget-wrap elementor-element-populated\">\n\t\t\t\t\t\t<div class=\"elementor-element elementor-element-4be66ce elementor-widget elementor-widget-image\" data-id=\"4be66ce\" data-element_type=\"widget\" data-e-type=\"widget\" data-widget_type=\"image.default\">\n\t\t\t\t<div class=\"elementor-widget-container\">\n\t\t\t\t\t\t\t\t\t\t\t\t\t\t\t<img fetchpriority=\"high\" decoding=\"async\" width=\"400\" height=\"500\" src=\"https:\/\/respectcanada.org\/wp-content\/uploads\/2024\/08\/Gord-Hagar2.png\" class=\"attachment-large size-large wp-image-4525\" alt=\"\" srcset=\"https:\/\/respectcanada.org\/wp-content\/uploads\/2024\/08\/Gord-Hagar2.png 400w, https:\/\/respectcanada.org\/wp-content\/uploads\/2024\/08\/Gord-Hagar2-240x300.png 240w, https:\/\/respectcanada.org\/wp-content\/uploads\/2024\/08\/Gord-Hagar2-10x12.png 10w\" sizes=\"(max-width: 400px) 100vw, 400px\" \/>\t\t\t\t\t\t\t\t\t\t\t\t\t\t\t<\/div>\n\t\t\t\t<\/div>\n\t\t\t\t\t<\/div>\n\t\t<\/div>\n\t\t\t\t<div class=\"elementor-column elementor-col-50 elementor-inner-column elementor-element elementor-element-c05b2aa\" data-id=\"c05b2aa\" data-element_type=\"column\" data-e-type=\"column\">\n\t\t\t<div class=\"elementor-widget-wrap elementor-element-populated\">\n\t\t\t\t\t\t<div class=\"elementor-element elementor-element-d6e6dd2 elementor-widget elementor-widget-text-editor\" data-id=\"d6e6dd2\" data-element_type=\"widget\" data-e-type=\"widget\" data-widget_type=\"text-editor.default\">\n\t\t\t\t<div class=\"elementor-widget-container\">\n\t\t\t\t\t\t\t\t\t<h2>Gord Hagar, LCol (ret\u2019d), CD, Ontario Region Coordinator<\/h2><div><strong>email: respect.ontario.coordinator@gmail.com<\/strong><\/div><div>\u00a0<\/div><div>Le Lcol (retrait\u00e9) Gord Hagar est entr\u00e9 dans la Force r\u00e9guli\u00e8re en 1982, apr\u00e8s avoir fait partie du 1st Nova Scotia Highlanders \u00e0 Dartmouth, et a servi en tant qu'officier des blind\u00e9s au Douzi\u00e8me R\u00e9giment Blind\u00e9 du Canada (12e RBC).\u00a0<\/div><div>\u00a0<\/div><div>Apr\u00e8s avoir \u00e9t\u00e9 reclass\u00e9 dans la branche logistique en tant qu'officier des transports, il a eu le privil\u00e8ge de commander \u00e0 tous les grades, y compris celui de commandant du centre de soutien op\u00e9rationnel situ\u00e9 \u00e0 Koeln-Bonn, en Allemagne.  Son dernier poste d'\u00e9tat-major au sein de la Force r\u00e9guli\u00e8re a \u00e9t\u00e9 celui de chef d'\u00e9tat-major au Coll\u00e8ge de commandement et d'\u00e9tat-major de l'Arm\u00e9e canadienne, avant son transfert de composante \u00e0 la R\u00e9serve de l'Arm\u00e9e, o\u00f9 il a continu\u00e9 \u00e0 contribuer aux efforts interarm\u00e9es combin\u00e9s. Il a pris sa retraite apr\u00e8s 43,5 ann\u00e9es de service gratifiant.\u00a0\u00a0<\/div><div>\u00a0<\/div><div>Gord a \u00e9t\u00e9 d\u00e9ploy\u00e9 au Rwanda (1995), en Bosnie (2000) et en Afghanistan (2002 et 2011), et a particip\u00e9 \u00e0 plusieurs op\u00e9rations et exercices nationaux.  Parmi les r\u00e9compenses et les qualifications qu'il a re\u00e7ues, citons la Mention \u00e9logieuse du commandant en chef pour son service au sein du groupement tactique 3 Princess Patricia Canadian Light Infantry Rotation Zero en Afghanistan, la US Army Meritorious Service Medal, des ailes de parachutistes britanniques et canadiens, ainsi qu'une s\u00e9rie de cours dispens\u00e9s par l'OTAN, le Royaume-Uni et les \u00c9tats-Unis.\u00a0\u00a0<\/div><div>\u00a0<\/div><div>Conform\u00e9ment \u00e0 la tradition du Corps royal de l'intendance de l'arm\u00e9e canadienne, il s'est notamment int\u00e9ress\u00e9 \u00e0 la ma\u00eetrise de 18 mains de Carrousel remuscl\u00e9 d'une puissance d'un cheval, comme on le voit sur la photo, et il est membre de longue date du Corps de cornemuses de la Gendarmerie royale du Canada.  Lui et son \u00e9pouse de 35 ans, toujours curieuse, se sont install\u00e9s \u00e0 Kingston, en Ontario ; leur fils, dont ils sont tr\u00e8s fiers, sert \u00e9galement dans l'arm\u00e9e, accompagn\u00e9 de sa femme et de son super-h\u00e9ros teckel.<\/div>\t\t\t\t\t\t\t\t<\/div>\n\t\t\t\t<\/div>\n\t\t\t\t\t<\/div>\n\t\t<\/div>\n\t\t\t\t\t<\/div>\n\t\t<\/section>\n\t\t\t\t\t<\/div>\n\t\t<\/div>\n\t\t\t\t\t<\/div>\n\t\t<\/section>\n\t\t\t\t<\/div>","protected":false},"excerpt":{"rendered":"<p>Gord Hagar, LCol (ret\u2019d), CD, Ontario Region Coordinator email: respect.ontario.coordinator@gmail.com\u00a0LCol (retired) Gord Hagar joined the Regular Force from the 1st Nova Scotia Highlanders in Dartmouth in 1982 and served as an Armour Officer with the Douzieme Regiment Blind\u00e9 du Canada (12e RBC).\u00a0\u00a0Upon reclassification to the Logistics Branch as a Transportation Officer, he had the privilege [&hellip;]<\/p>\n","protected":false},"author":3,"featured_media":0,"parent":0,"menu_order":0,"comment_status":"closed","ping_status":"closed","template":"","meta":{"footnotes":""},"class_list":["post-6002","page","type-page","status-publish","hentry"],"_links":{"self":[{"href":"https:\/\/respectcanada.org\/fr\/wp-json\/wp\/v2\/pages\/6002","targetHints":{"allow":["GET"]}}],"collection":[{"href":"https:\/\/respectcanada.org\/fr\/wp-json\/wp\/v2\/pages"}],"about":[{"href":"https:\/\/respectcanada.org\/fr\/wp-json\/wp\/v2\/types\/page"}],"author":[{"embeddable":true,"href":"https:\/\/respectcanada.org\/fr\/wp-json\/wp\/v2\/users\/3"}],"replies":[{"embeddable":true,"href":"https:\/\/respectcanada.org\/fr\/wp-json\/wp\/v2\/comments?post=6002"}],"version-history":[{"count":4,"href":"https:\/\/respectcanada.org\/fr\/wp-json\/wp\/v2\/pages\/6002\/revisions"}],"predecessor-version":[{"id":6006,"href":"https:\/\/respectcanada.org\/fr\/wp-json\/wp\/v2\/pages\/6002\/revisions\/6006"}],"wp:attachment":[{"href":"https:\/\/respectcanada.org\/fr\/wp-json\/wp\/v2\/media?parent=6002"}],"curies":[{"name":"wp","href":"https:\/\/api.w.org\/{rel}","templated":true}]}}