{"id":594,"date":"2023-01-27T02:28:31","date_gmt":"2023-01-27T02:28:31","guid":{"rendered":"https:\/\/respectcanada.org\/?page_id=594"},"modified":"2024-02-27T14:32:42","modified_gmt":"2024-02-27T14:32:42","slug":"indigenous-outreach","status":"publish","type":"page","link":"https:\/\/respectcanada.org\/fr\/indigenous-outreach\/","title":{"rendered":"Sensibilisation des autochtones"},"content":{"rendered":"<div data-elementor-type=\"wp-page\" data-elementor-id=\"594\" class=\"elementor elementor-594\" data-elementor-post-type=\"page\">\n\t\t\t\t\t\t<section class=\"elementor-section elementor-top-section elementor-element elementor-element-f324877 elementor-section-height-min-height elementor-section-boxed elementor-section-height-default elementor-section-items-middle elementor-invisible\" data-id=\"f324877\" data-element_type=\"section\" data-e-type=\"section\" data-settings=\"{&quot;background_background&quot;:&quot;classic&quot;,&quot;animation&quot;:&quot;fadeIn&quot;}\">\n\t\t\t\t\t\t\t<div class=\"elementor-background-overlay\"><\/div>\n\t\t\t\t\t\t\t<div class=\"elementor-container elementor-column-gap-default\">\n\t\t\t\t\t<div class=\"elementor-column elementor-col-100 elementor-top-column elementor-element elementor-element-3b3f888 elementor-invisible\" data-id=\"3b3f888\" data-element_type=\"column\" data-e-type=\"column\" data-settings=\"{&quot;animation&quot;:&quot;fadeInLeft&quot;}\">\n\t\t\t<div class=\"elementor-widget-wrap elementor-element-populated\">\n\t\t\t\t\t\t<div class=\"elementor-element elementor-element-e9430ac elementor-widget elementor-widget-heading\" data-id=\"e9430ac\" data-element_type=\"widget\" data-e-type=\"widget\" data-widget_type=\"heading.default\">\n\t\t\t\t<div class=\"elementor-widget-container\">\n\t\t\t\t\t<h1 class=\"elementor-heading-title elementor-size-default\">Sensibilisation des autochtones<\/h1>\t\t\t\t<\/div>\n\t\t\t\t<\/div>\n\t\t\t\t\t<\/div>\n\t\t<\/div>\n\t\t\t\t\t<\/div>\n\t\t<\/section>\n\t\t\t\t<section class=\"elementor-section elementor-top-section elementor-element elementor-element-1b5b9e1 elementor-section-boxed elementor-section-height-default elementor-section-height-default elementor-invisible\" data-id=\"1b5b9e1\" data-element_type=\"section\" data-e-type=\"section\" data-settings=\"{&quot;animation&quot;:&quot;fadeInUp&quot;}\">\n\t\t\t\t\t\t<div class=\"elementor-container elementor-column-gap-default\">\n\t\t\t\t\t<div class=\"elementor-column elementor-col-100 elementor-top-column elementor-element elementor-element-c83a380\" data-id=\"c83a380\" data-element_type=\"column\" data-e-type=\"column\">\n\t\t\t<div class=\"elementor-widget-wrap elementor-element-populated\">\n\t\t\t\t\t\t<div class=\"elementor-element elementor-element-e649730 elementor-widget elementor-widget-text-editor\" data-id=\"e649730\" data-element_type=\"widget\" data-e-type=\"widget\" data-widget_type=\"text-editor.default\">\n\t\t\t\t<div class=\"elementor-widget-container\">\n\t\t\t\t\t\t\t\t\t<p>COORDINATEUR DE LA SENSIBILISATION DES POPULATIONS AUTOCHTONES<br \/><strong>Robert Thibeau, CD<\/strong><\/p><p><a href=\"https:\/\/respectcanada.org\/fr\/leadership\/\" target=\"_blank\" rel=\"noopener\">Cliquez ici pour la biographie<\/a><\/p><p>Contact : <a href=\"mailto:thibeau.raf@hotmail.com\">thibeau.raf@hotmail.com<\/a><\/p><p><span style=\"font-weight: 400;\">Le Cercle consultatif autochtone des anciens combattants et des intervenants d'urgence a pour but de r\u00e9pondre aux besoins de ces h\u00e9ros autochtones et de leurs familles en soutenant mieux les organismes qui leur fournissent des services \u00e0 travers le pays.<\/span><\/p><p><span style=\"font-weight: 400;\">Sachant qu'il existe des ressources pour les anciens combattants et les premiers r\u00e9pondants, le cercle consultatif concentrera ses efforts sur les anciens combattants et les premiers r\u00e9pondants autochtones dans les r\u00e9gions rurales et isol\u00e9es du Canada et fournira des recommandations fond\u00e9es sur les besoins de soutien des anciens combattants, y compris les besoins culturels.  Gr\u00e2ce \u00e0 la consultation et au dialogue avec la communaut\u00e9 autochtone, certains recours peuvent \u00eatre disponibles ; cependant, nous nous concentrerons sur le travail social, la sant\u00e9 mentale, l'orientation culturelle avec les a\u00een\u00e9s ainsi que sur la recherche, au besoin, de ceux qui peuvent apporter un soutien financier.\u00a0<\/span><\/p><p><span style=\"font-weight: 400;\">Le cercle lui-m\u00eame se d\u00e9roulera selon les m\u00e9thodes traditionnelles, en toute \u00e9galit\u00e9 au sein du cercle.  Toutes les voix seront entendues, les recommandations seront discut\u00e9es et un consensus sera atteint avant de pr\u00e9senter des conseils ou des recommandations \u00e0 l'\u00e9tude.  Il faut bien comprendre qu'en tant que cercle, nous sommes des conseillers et non ceux qui \u00e9tablissent les politiques.  C'est au Forum du respect qu'il incombe de formuler des recommandations en mati\u00e8re de politique et de cercle consultatif pour examen ult\u00e9rieur.\u00a0<\/span><\/p><p><span style=\"font-weight: 400;\">Aucun groupe ou organisation ne contr\u00f4lera le cercle, ce qui permet aux r\u00e9unions de faire l'objet d'un consensus plut\u00f4t que d'\u00eatre organis\u00e9es par des groupes individuels ou divis\u00e9s.   Le cercle a pour but de fournir au Forum du respect des conseils appropri\u00e9s en mati\u00e8re de politique et d'assistance \u00e0 tous les membres et anciens combattants autochtones des forces arm\u00e9es, aux premiers intervenants et \u00e0 leurs familles.\u00a0<\/span><\/p><p><span style=\"font-weight: 400;\">Les r\u00e9unions, qu'elles soient en personne ou virtuelles, comprendront la reconnaissance des terres et, comme nous sommes r\u00e9partis dans tout le pays, la reconnaissance des terres de nos anc\u00eatres.  Notre a\u00een\u00e9 prononcera la reconnaissance ainsi que la pri\u00e8re au Cr\u00e9ateur. Les r\u00e9unions en personne comprendront une c\u00e9r\u00e9monie de purification (Smudge Ceremony) pour ceux qui sont enclins \u00e0 le faire et dans un cadre virtuel, cela sera laiss\u00e9 \u00e0 la pr\u00e9f\u00e9rence de chacun.<\/span><\/p>\t\t\t\t\t\t\t\t<\/div>\n\t\t\t\t<\/div>\n\t\t\t\t\t<\/div>\n\t\t<\/div>\n\t\t\t\t\t<\/div>\n\t\t<\/section>\n\t\t\t\t<\/div>","protected":false},"excerpt":{"rendered":"<p>Indigenous Outreach INDIGENOUS OUTREACH COORDINATORRobert Thibeau, CD Click here for bio Contact: thibeau.raf@hotmail.com The forming of the Veterans and Emergency Responders Indigenous Advisory Circle is to address the needs of these Indigenous heroes and families\u00a0by better supporting the organizations across the country who deliver services to them. Understanding that there are resources out there for [&hellip;]<\/p>\n","protected":false},"author":3,"featured_media":0,"parent":0,"menu_order":0,"comment_status":"closed","ping_status":"closed","template":"elementor_header_footer","meta":{"footnotes":""},"class_list":["post-594","page","type-page","status-publish","hentry"],"_links":{"self":[{"href":"https:\/\/respectcanada.org\/fr\/wp-json\/wp\/v2\/pages\/594","targetHints":{"allow":["GET"]}}],"collection":[{"href":"https:\/\/respectcanada.org\/fr\/wp-json\/wp\/v2\/pages"}],"about":[{"href":"https:\/\/respectcanada.org\/fr\/wp-json\/wp\/v2\/types\/page"}],"author":[{"embeddable":true,"href":"https:\/\/respectcanada.org\/fr\/wp-json\/wp\/v2\/users\/3"}],"replies":[{"embeddable":true,"href":"https:\/\/respectcanada.org\/fr\/wp-json\/wp\/v2\/comments?post=594"}],"version-history":[{"count":5,"href":"https:\/\/respectcanada.org\/fr\/wp-json\/wp\/v2\/pages\/594\/revisions"}],"predecessor-version":[{"id":3489,"href":"https:\/\/respectcanada.org\/fr\/wp-json\/wp\/v2\/pages\/594\/revisions\/3489"}],"wp:attachment":[{"href":"https:\/\/respectcanada.org\/fr\/wp-json\/wp\/v2\/media?parent=594"}],"curies":[{"name":"wp","href":"https:\/\/api.w.org\/{rel}","templated":true}]}}