{"id":5624,"date":"2025-08-14T20:12:04","date_gmt":"2025-08-15T00:12:04","guid":{"rendered":"https:\/\/respectcanada.org\/?page_id=5624"},"modified":"2025-08-14T21:30:45","modified_gmt":"2025-08-15T01:30:45","slug":"setting-up-gmail","status":"publish","type":"page","link":"https:\/\/respectcanada.org\/fr\/setting-up-gmail\/","title":{"rendered":"Configuration de Gmail"},"content":{"rendered":"<div data-elementor-type=\"wp-page\" data-elementor-id=\"5624\" class=\"elementor elementor-5624\" data-elementor-post-type=\"page\">\n\t\t\t\t\t\t<section class=\"elementor-section elementor-top-section elementor-element elementor-element-8cf5267 elementor-section-boxed elementor-section-height-default elementor-section-height-default\" data-id=\"8cf5267\" data-element_type=\"section\" data-e-type=\"section\">\n\t\t\t\t\t\t<div class=\"elementor-container elementor-column-gap-default\">\n\t\t\t\t\t<div class=\"elementor-column elementor-col-100 elementor-top-column elementor-element elementor-element-572db62\" data-id=\"572db62\" data-element_type=\"column\" data-e-type=\"column\">\n\t\t\t<div class=\"elementor-widget-wrap elementor-element-populated\">\n\t\t\t\t\t\t<div class=\"elementor-element elementor-element-2ee565c elementor-widget elementor-widget-text-editor\" data-id=\"2ee565c\" data-element_type=\"widget\" data-e-type=\"widget\" data-widget_type=\"text-editor.default\">\n\t\t\t\t<div class=\"elementor-widget-container\">\n\t\t\t\t\t\t\t\t\t<h2><b>Configuration de votre compte Gmail<\/b><\/h2><p><span style=\"font-weight: 400;\">La cr\u00e9ation d'un compte Gmail est une proc\u00e9dure simple, mais Google modifie souvent la pr\u00e9sentation et l'ordre des \u00e9tapes. Si la page est l\u00e9g\u00e8rement diff\u00e9rente ou si l'ordre des pages a chang\u00e9, ne vous inqui\u00e9tez pas, remplissez simplement les informations figurant sur la page.<\/span><\/p><h3><b>\u00c9tape 1 : Acc\u00e9der \u00e0 la page d'inscription \u00e0 Gmail<\/b><\/h3><p><span style=\"font-weight: 400;\">Ouvrez votre navigateur web et acc\u00e9dez \u00e0 la page d'inscription \u00e0 Gmail :<\/span><a href=\"https:\/\/accounts.google.com\" target=\"_blank\" rel=\"noopener\"> <span style=\"font-weight: 400;\">https:\/\/accounts.google.com<\/span><\/a><\/p><p>Cliquez sur le bouton \"Cr\u00e9er un compte\".<\/p><p><img fetchpriority=\"high\" decoding=\"async\" class=\"alignnone  wp-image-5654\" src=\"https:\/\/respectcanada.org\/wp-content\/uploads\/2025\/08\/1-pre-one-300x128.png\" alt=\"\" width=\"391\" height=\"167\" srcset=\"https:\/\/respectcanada.org\/wp-content\/uploads\/2025\/08\/1-pre-one-300x128.png 300w, https:\/\/respectcanada.org\/wp-content\/uploads\/2025\/08\/1-pre-one-1024x436.png 1024w, https:\/\/respectcanada.org\/wp-content\/uploads\/2025\/08\/1-pre-one-768x327.png 768w, https:\/\/respectcanada.org\/wp-content\/uploads\/2025\/08\/1-pre-one-18x8.png 18w, https:\/\/respectcanada.org\/wp-content\/uploads\/2025\/08\/1-pre-one.png 1053w\" sizes=\"(max-width: 391px) 100vw, 391px\" \/><\/p><h3><b>\u00c9tape 2 : Remplir vos informations personnelles<\/b><\/h3><p><span style=\"font-weight: 400;\">Entrer <\/span><b>Respect <\/b>dans le champ Pr\u00e9nom<span style=\"font-weight: 400;\">et votre <strong>Respecter la position<\/strong>, que l'on retrouve dans cette liste dans le <\/span>Champ du nom de famille.<span style=\"font-weight: 400;\">\u00a0<\/span><\/p><p>Par exemple, voici ce que j'ai saisi pour mon courriel :<\/p><p>Pr\u00e9nom : <strong>Respect<\/strong><br \/>Nom de famille : <strong>Sensibilisation<\/strong><\/p><p><span style=\"font-weight: 400;\"><em><strong>NOTE :<\/strong><\/em><br \/>Google ne tient pas compte des majuscules et des points, mais veuillez respecter le format fourni dans la nouvelle liste de diffusion. <\/span><\/p><p><span style=\"font-weight: 400;\">\u00c0 titre d'information, Google consid\u00e8re tous les formats suivants de la m\u00eame mani\u00e8re :<\/span><span style=\"font-weight: 400;\"><br \/><\/span><span style=\"font-weight: 400;\">Respect<\/span><b>.<\/b><span style=\"font-weight: 400;\">Outreach@gmail.com <\/span><span style=\"font-weight: 400;\"><br \/><\/span><span style=\"font-weight: 400;\">RespectOutreach@gmail.com<\/span><span style=\"font-weight: 400;\"><br \/><\/span><span style=\"font-weight: 400;\">respect<\/span><b>.<\/b><span style=\"font-weight: 400;\">outreach@gmail.com<\/span><span style=\"font-weight: 400;\"><br \/><\/span><span style=\"font-weight: 400;\">respectoutreach@gmail.com<\/span><\/p><p><img decoding=\"async\" class=\"alignnone  wp-image-5627\" src=\"https:\/\/respectcanada.org\/wp-content\/uploads\/2025\/08\/1-300x122.png\" alt=\"\" width=\"381\" height=\"155\" srcset=\"https:\/\/respectcanada.org\/wp-content\/uploads\/2025\/08\/1-300x122.png 300w, https:\/\/respectcanada.org\/wp-content\/uploads\/2025\/08\/1-1024x417.png 1024w, https:\/\/respectcanada.org\/wp-content\/uploads\/2025\/08\/1-768x313.png 768w, https:\/\/respectcanada.org\/wp-content\/uploads\/2025\/08\/1-18x7.png 18w, https:\/\/respectcanada.org\/wp-content\/uploads\/2025\/08\/1.png 1058w\" sizes=\"(max-width: 381px) 100vw, 381px\" \/><\/p><h3><b>\u00c9tape 3 : Saisissez votre date de naissance et votre sexe\u00a0<\/b><\/h3><p><span style=\"font-weight: 400;\">Fournissez votre <\/span><b>la date de naissance<\/b><span style=\"font-weight: 400;\"> et <\/span><b>sexe<\/b><span style=\"font-weight: 400;\">. Ces informations permettent \u00e0 Google de personnaliser certains services et peuvent \u00eatre utilis\u00e9es pour la r\u00e9cup\u00e9ration d'un compte. Si vous ne vous sentez pas \u00e0 l'aise pour saisir vos informations personnelles, n'h\u00e9sitez pas \u00e0 utiliser les miennes :<\/span><\/p><p>Date de naissance : <strong>25 juin 1970<\/strong><br \/>Genre : <strong>Homme<\/strong><\/p><p><img decoding=\"async\" class=\"alignnone  wp-image-5631\" src=\"https:\/\/respectcanada.org\/wp-content\/uploads\/2025\/08\/2-300x129.png\" alt=\"\" width=\"386\" height=\"166\" srcset=\"https:\/\/respectcanada.org\/wp-content\/uploads\/2025\/08\/2-300x129.png 300w, https:\/\/respectcanada.org\/wp-content\/uploads\/2025\/08\/2-1024x441.png 1024w, https:\/\/respectcanada.org\/wp-content\/uploads\/2025\/08\/2-768x331.png 768w, https:\/\/respectcanada.org\/wp-content\/uploads\/2025\/08\/2-18x8.png 18w, https:\/\/respectcanada.org\/wp-content\/uploads\/2025\/08\/2.png 1053w\" sizes=\"(max-width: 386px) 100vw, 386px\" \/><\/p><h3><b>\u00c9tape 4 : Choisissez votre adresse Gmail<\/b><\/h3><p>Cliquez sur le bouton \"Cr\u00e9er votre propre adresse Gmail\" et saisissez votre adresse \u00e0 partir de <strong><a href=\"https:\/\/docs.google.com\/spreadsheets\/d\/1IfjHkimo6IXVusrkRU6CkDj1Vl5R5t2FjeTW3x7pJPk\/edit?usp=sharing\" target=\"_blank\" rel=\"noopener\">cette liste.<\/a><\/strong> N'ajoutez que la partie de l'adresse qui pr\u00e9c\u00e8de @gmail.com.<\/p><p>Par exemple :<\/p><p><strong>Respect et sensibilisation <br \/><\/strong>(N'utilisez pas cette adresse \u00e9lectronique, mais celle qui vous a \u00e9t\u00e9 attribu\u00e9e par <strong><a href=\"https:\/\/docs.google.com\/spreadsheets\/d\/1IfjHkimo6IXVusrkRU6CkDj1Vl5R5t2FjeTW3x7pJPk\/edit?usp=sharing\" target=\"_blank\" rel=\"noopener\">la liste<\/a><\/strong>)<\/p><p><img loading=\"lazy\" decoding=\"async\" class=\"alignnone  wp-image-5635\" src=\"https:\/\/respectcanada.org\/wp-content\/uploads\/2025\/08\/3-300x159.png\" alt=\"\" width=\"389\" height=\"206\" srcset=\"https:\/\/respectcanada.org\/wp-content\/uploads\/2025\/08\/3-300x159.png 300w, https:\/\/respectcanada.org\/wp-content\/uploads\/2025\/08\/3-1024x544.png 1024w, https:\/\/respectcanada.org\/wp-content\/uploads\/2025\/08\/3-768x408.png 768w, https:\/\/respectcanada.org\/wp-content\/uploads\/2025\/08\/3-18x10.png 18w, https:\/\/respectcanada.org\/wp-content\/uploads\/2025\/08\/3.png 1059w\" sizes=\"(max-width: 389px) 100vw, 389px\" \/><\/p><h3><b>\u00c9tape 5 : Cr\u00e9er un mot de passe fort<\/b><\/h3><p><span style=\"font-weight: 400;\">Cr\u00e9er un <\/span>mot de passe fort<span style=\"font-weight: 400;\"> et saisissez-le dans le champ \"Mot de passe\". Confirmez votre mot de passe en le tapant \u00e0 nouveau dans le champ \"Confirmer\". Un mot de passe solide doit comprendre une combinaison de lettres majuscules et minuscules, de chiffres et de symboles.<\/span><\/p><p><img loading=\"lazy\" decoding=\"async\" class=\"alignnone  wp-image-5636\" src=\"https:\/\/respectcanada.org\/wp-content\/uploads\/2025\/08\/4-300x136.png\" alt=\"\" width=\"379\" height=\"172\" srcset=\"https:\/\/respectcanada.org\/wp-content\/uploads\/2025\/08\/4-300x136.png 300w, https:\/\/respectcanada.org\/wp-content\/uploads\/2025\/08\/4-1024x463.png 1024w, https:\/\/respectcanada.org\/wp-content\/uploads\/2025\/08\/4-768x348.png 768w, https:\/\/respectcanada.org\/wp-content\/uploads\/2025\/08\/4-18x8.png 18w, https:\/\/respectcanada.org\/wp-content\/uploads\/2025\/08\/4.png 1054w\" sizes=\"(max-width: 379px) 100vw, 379px\" \/><\/p><h3><b>\u00c9tape 6 : Confirmer que vous n'\u00eates pas un robot<\/b><\/h3><p><span style=\"font-weight: 400;\">Saisir un <\/span><b>num\u00e9ro de t\u00e9l\u00e9phone<\/b><span style=\"font-weight: 400;\">. Ces informations sont utilis\u00e9es pour r\u00e9cup\u00e9rer votre compte si vous oubliez votre mot de passe ou si votre compte est compromis.<\/span><\/p><p><img loading=\"lazy\" decoding=\"async\" class=\"alignnone  wp-image-5637\" src=\"https:\/\/respectcanada.org\/wp-content\/uploads\/2025\/08\/5-300x126.png\" alt=\"\" width=\"381\" height=\"160\" srcset=\"https:\/\/respectcanada.org\/wp-content\/uploads\/2025\/08\/5-300x126.png 300w, https:\/\/respectcanada.org\/wp-content\/uploads\/2025\/08\/5-1024x429.png 1024w, https:\/\/respectcanada.org\/wp-content\/uploads\/2025\/08\/5-768x321.png 768w, https:\/\/respectcanada.org\/wp-content\/uploads\/2025\/08\/5-18x8.png 18w, https:\/\/respectcanada.org\/wp-content\/uploads\/2025\/08\/5.png 1049w\" sizes=\"(max-width: 381px) 100vw, 381px\" \/><\/p><p>Entrez le code :<\/p><p><img loading=\"lazy\" decoding=\"async\" class=\"alignnone  wp-image-5639\" src=\"https:\/\/respectcanada.org\/wp-content\/uploads\/2025\/08\/6-300x126.png\" alt=\"\" width=\"386\" height=\"162\" srcset=\"https:\/\/respectcanada.org\/wp-content\/uploads\/2025\/08\/6-300x126.png 300w, https:\/\/respectcanada.org\/wp-content\/uploads\/2025\/08\/6-1024x428.png 1024w, https:\/\/respectcanada.org\/wp-content\/uploads\/2025\/08\/6-768x321.png 768w, https:\/\/respectcanada.org\/wp-content\/uploads\/2025\/08\/6-18x8.png 18w, https:\/\/respectcanada.org\/wp-content\/uploads\/2025\/08\/6.png 1047w\" sizes=\"(max-width: 386px) 100vw, 386px\" \/><\/p><h3><b>\u00c9tape 7 : Ajouter un courriel de r\u00e9cup\u00e9ration<\/b><\/h3><p>Si vous ne souhaitez pas utiliser votre adresse \u00e9lectronique personnelle, vous pouvez utiliser Respect.Outreach@gmail.com.<\/p><p><img loading=\"lazy\" decoding=\"async\" class=\"alignnone  wp-image-5640\" src=\"https:\/\/respectcanada.org\/wp-content\/uploads\/2025\/08\/7-300x124.png\" alt=\"\" width=\"380\" height=\"157\" srcset=\"https:\/\/respectcanada.org\/wp-content\/uploads\/2025\/08\/7-300x124.png 300w, https:\/\/respectcanada.org\/wp-content\/uploads\/2025\/08\/7-1024x424.png 1024w, https:\/\/respectcanada.org\/wp-content\/uploads\/2025\/08\/7-768x318.png 768w, https:\/\/respectcanada.org\/wp-content\/uploads\/2025\/08\/7-18x7.png 18w, https:\/\/respectcanada.org\/wp-content\/uploads\/2025\/08\/7.png 1061w\" sizes=\"(max-width: 380px) 100vw, 380px\" \/><\/p><h3><b>\u00c9tape 8 : Consulter votre compte<\/b><\/h3><p>V\u00e9rifiez que l'adresse \u00e9lectronique est correcte.<\/p><p><img loading=\"lazy\" decoding=\"async\" class=\"alignnone  wp-image-5641\" src=\"https:\/\/respectcanada.org\/wp-content\/uploads\/2025\/08\/8-300x123.png\" alt=\"\" width=\"388\" height=\"159\" srcset=\"https:\/\/respectcanada.org\/wp-content\/uploads\/2025\/08\/8-300x123.png 300w, https:\/\/respectcanada.org\/wp-content\/uploads\/2025\/08\/8-1024x420.png 1024w, https:\/\/respectcanada.org\/wp-content\/uploads\/2025\/08\/8-768x315.png 768w, https:\/\/respectcanada.org\/wp-content\/uploads\/2025\/08\/8-18x7.png 18w, https:\/\/respectcanada.org\/wp-content\/uploads\/2025\/08\/8.png 1057w\" sizes=\"(max-width: 388px) 100vw, 388px\" \/><\/p><p><b>\u00c9tape 9 : Consulter les conditions d'utilisation et les r\u00e8gles de confidentialit\u00e9 de Google<\/b><\/p><p><span style=\"font-weight: 400;\">Lisez l'article de Google <\/span><b>Conditions d'utilisation<\/b><span style=\"font-weight: 400;\"> et <\/span><b>Politique de confidentialit\u00e9<\/b><span style=\"font-weight: 400;\">. En cr\u00e9ant un compte Gmail, vous acceptez ces conditions. Cliquez sur \"J'accepte\" pour indiquer votre accord.<\/span><\/p><p><img loading=\"lazy\" decoding=\"async\" class=\"alignnone  wp-image-5642\" src=\"https:\/\/respectcanada.org\/wp-content\/uploads\/2025\/08\/9-230x300.png\" alt=\"\" width=\"389\" height=\"507\" srcset=\"https:\/\/respectcanada.org\/wp-content\/uploads\/2025\/08\/9-230x300.png 230w, https:\/\/respectcanada.org\/wp-content\/uploads\/2025\/08\/9-9x12.png 9w, https:\/\/respectcanada.org\/wp-content\/uploads\/2025\/08\/9.png 694w\" sizes=\"(max-width: 389px) 100vw, 389px\" \/><\/p><p><b>\u00c9tape 10 : Votre compte a \u00e9t\u00e9 cr\u00e9\u00e9<\/b><\/p><p>Vous avez maintenant un nouveau compte Gmail<\/p><p><img loading=\"lazy\" decoding=\"async\" class=\"alignnone  wp-image-5643\" src=\"https:\/\/respectcanada.org\/wp-content\/uploads\/2025\/08\/10-300x144.png\" alt=\"\" width=\"388\" height=\"186\" srcset=\"https:\/\/respectcanada.org\/wp-content\/uploads\/2025\/08\/10-300x144.png 300w, https:\/\/respectcanada.org\/wp-content\/uploads\/2025\/08\/10-1024x493.png 1024w, https:\/\/respectcanada.org\/wp-content\/uploads\/2025\/08\/10-768x369.png 768w, https:\/\/respectcanada.org\/wp-content\/uploads\/2025\/08\/10-1536x739.png 1536w, https:\/\/respectcanada.org\/wp-content\/uploads\/2025\/08\/10-18x9.png 18w, https:\/\/respectcanada.org\/wp-content\/uploads\/2025\/08\/10.png 1877w\" sizes=\"(max-width: 388px) 100vw, 388px\" \/><\/p><p><b>\u00c9tape 11 : V\u00e9rifiez votre courrier \u00e9lectronique<\/b><\/p><p><span style=\"font-weight: 400;\">Votre compte Gmail a \u00e9t\u00e9 cr\u00e9\u00e9. F\u00e9licitations ! Cliquez sur les 9 points en haut \u00e0 droite de la page pour acc\u00e9der \u00e0 votre nouveau compte Gmail.<\/span><\/p><p><img loading=\"lazy\" decoding=\"async\" class=\"alignnone  wp-image-5646\" src=\"https:\/\/respectcanada.org\/wp-content\/uploads\/2025\/08\/10a-web-300x225.jpg\" alt=\"\" width=\"393\" height=\"295\" srcset=\"https:\/\/respectcanada.org\/wp-content\/uploads\/2025\/08\/10a-web-300x225.jpg 300w, https:\/\/respectcanada.org\/wp-content\/uploads\/2025\/08\/10a-web-1024x768.jpg 1024w, https:\/\/respectcanada.org\/wp-content\/uploads\/2025\/08\/10a-web-768x576.jpg 768w, https:\/\/respectcanada.org\/wp-content\/uploads\/2025\/08\/10a-web-16x12.jpg 16w, https:\/\/respectcanada.org\/wp-content\/uploads\/2025\/08\/10a-web.jpg 1280w\" sizes=\"(max-width: 393px) 100vw, 393px\" \/><\/p><p><span style=\"font-weight: 400;\">Vous pouvez maintenant commencer \u00e0 envoyer et \u00e0 recevoir des e-mails, et acc\u00e9der \u00e0 d'autres services Google avec votre nouveau compte Gmail. Bon app\u00e9tit !<\/span><\/p><p><img loading=\"lazy\" decoding=\"async\" class=\"alignnone  wp-image-5647\" src=\"https:\/\/respectcanada.org\/wp-content\/uploads\/2025\/08\/11-300x142.png\" alt=\"\" width=\"387\" height=\"183\" srcset=\"https:\/\/respectcanada.org\/wp-content\/uploads\/2025\/08\/11-300x142.png 300w, https:\/\/respectcanada.org\/wp-content\/uploads\/2025\/08\/11-1024x483.png 1024w, https:\/\/respectcanada.org\/wp-content\/uploads\/2025\/08\/11-768x362.png 768w, https:\/\/respectcanada.org\/wp-content\/uploads\/2025\/08\/11-1536x725.png 1536w, https:\/\/respectcanada.org\/wp-content\/uploads\/2025\/08\/11-18x8.png 18w, https:\/\/respectcanada.org\/wp-content\/uploads\/2025\/08\/11.png 1910w\" sizes=\"(max-width: 387px) 100vw, 387px\" \/><\/p>\t\t\t\t\t\t\t\t<\/div>\n\t\t\t\t<\/div>\n\t\t\t\t\t<\/div>\n\t\t<\/div>\n\t\t\t\t\t<\/div>\n\t\t<\/section>\n\t\t\t\t<\/div>","protected":false},"excerpt":{"rendered":"<p>Setting Up Your Gmail Account Setting up a Gmail account is a simple process, but Google often changes the layout and the order that the steps are presented, so if the page looks slightly different, or the order of the pages has changed, don&#8217;t worry, just fill out the information on the page. Step 1: [&hellip;]<\/p>\n","protected":false},"author":3,"featured_media":0,"parent":0,"menu_order":0,"comment_status":"closed","ping_status":"closed","template":"","meta":{"footnotes":""},"class_list":["post-5624","page","type-page","status-publish","hentry"],"_links":{"self":[{"href":"https:\/\/respectcanada.org\/fr\/wp-json\/wp\/v2\/pages\/5624","targetHints":{"allow":["GET"]}}],"collection":[{"href":"https:\/\/respectcanada.org\/fr\/wp-json\/wp\/v2\/pages"}],"about":[{"href":"https:\/\/respectcanada.org\/fr\/wp-json\/wp\/v2\/types\/page"}],"author":[{"embeddable":true,"href":"https:\/\/respectcanada.org\/fr\/wp-json\/wp\/v2\/users\/3"}],"replies":[{"embeddable":true,"href":"https:\/\/respectcanada.org\/fr\/wp-json\/wp\/v2\/comments?post=5624"}],"version-history":[{"count":5,"href":"https:\/\/respectcanada.org\/fr\/wp-json\/wp\/v2\/pages\/5624\/revisions"}],"predecessor-version":[{"id":5657,"href":"https:\/\/respectcanada.org\/fr\/wp-json\/wp\/v2\/pages\/5624\/revisions\/5657"}],"wp:attachment":[{"href":"https:\/\/respectcanada.org\/fr\/wp-json\/wp\/v2\/media?parent=5624"}],"curies":[{"name":"wp","href":"https:\/\/api.w.org\/{rel}","templated":true}]}}