{"id":5176,"date":"2025-02-11T20:54:51","date_gmt":"2025-02-12T01:54:51","guid":{"rendered":"https:\/\/respectcanada.org\/?page_id=5176"},"modified":"2025-02-11T20:56:54","modified_gmt":"2025-02-12T01:56:54","slug":"vancouver-facilitator","status":"publish","type":"page","link":"https:\/\/respectcanada.org\/fr\/vancouver-facilitator\/","title":{"rendered":"Facilitateur de Vancouver"},"content":{"rendered":"<div data-elementor-type=\"wp-page\" data-elementor-id=\"5176\" class=\"elementor elementor-5176\" data-elementor-post-type=\"page\">\n\t\t\t\t\t\t<section class=\"elementor-section elementor-top-section elementor-element elementor-element-d961a33 elementor-section-boxed elementor-section-height-default elementor-section-height-default\" data-id=\"d961a33\" data-element_type=\"section\" data-e-type=\"section\">\n\t\t\t\t\t\t<div class=\"elementor-container elementor-column-gap-default\">\n\t\t\t\t\t<div class=\"elementor-column elementor-col-100 elementor-top-column elementor-element elementor-element-44047df\" data-id=\"44047df\" data-element_type=\"column\" data-e-type=\"column\">\n\t\t\t<div class=\"elementor-widget-wrap elementor-element-populated\">\n\t\t\t\t\t\t<div class=\"elementor-element elementor-element-7dcff1a elementor-widget elementor-widget-text-editor\" data-id=\"7dcff1a\" data-element_type=\"widget\" data-e-type=\"widget\" data-widget_type=\"text-editor.default\">\n\t\t\t\t<div class=\"elementor-widget-container\">\n\t\t\t\t\t\t\t\t\t<h1><span style=\"font-weight: 400;\">Respect Canada est \u00e0 la recherche d'un animateur pour diriger les Forums Respect Canada de Vancouver.<\/span><\/h1><p><span style=\"font-weight: 400;\">Les r\u00e9unions du forum Respect rassemblent des personnes issues des services sociaux et de sant\u00e9, de tous les niveaux de gouvernement, d'universit\u00e9s, d'organisations communautaires et d'organisations de soutien par les pairs. Les participants ont l'occasion de parler de leurs organisations, des services qu'ils fournissent, des d\u00e9fis auxquels ils sont confront\u00e9s et de leurs activit\u00e9s de recherche et d'engagement communautaire - ce qui ouvre la voie \u00e0 l'exploration de possibilit\u00e9s de collaboration. Les r\u00e9unions du forum Respect, sur invitation seulement, ont lieu deux fois par an depuis l'automne 2016. Avec le soutien du Fonds pour le bien-\u00eatre des anciens combattants et des familles d'Anciens Combattants Canada, le Forum du respect organise des r\u00e9unions semestrielles dans divers endroits au Canada, de Victoria (C.-B.) \u00e0 Saint John's (T.-N.-L.). En outre, nous tenons \u00e0 jour un r\u00e9pertoire en ligne des organisations qui se consacrent \u00e0 l'am\u00e9lioration de la sant\u00e9 mentale et de la qualit\u00e9 de vie des anciens combattants et des travailleurs d'urgence, ainsi que de leurs proches.<\/span><\/p><p><span style=\"font-weight: 400;\"><strong>Notre mission<\/strong> est de cr\u00e9er un r\u00e9seau entre les organisations qui soutiennent les anciens combattants des FAC et de la GRC, les intervenants en cas d'urgence et leurs familles afin de les aider \u00e0 surmonter des difficult\u00e9s telles que la transition, la sant\u00e9 mentale et l'instabilit\u00e9 du logement, en favorisant une collaboration qui am\u00e9liore la prestation des services.<\/span><\/p><h2><i><span style=\"font-weight: 400;\">Aper\u00e7u du poste<\/span><\/i><\/h2><p><span style=\"font-weight: 400;\">La r\u00e9gion Ouest de Respect Canada est \u00e0 la recherche d'une personne \u00e9nergique pour animer deux forums par an dans le Lower Mainland, chacun d'une dur\u00e9e d'environ deux heures. Le forum Respect offre une occasion unique de s'informer sur les services offerts aux retrait\u00e9s en uniforme au sein de la communaut\u00e9, en favorisant le r\u00e9seautage, le partage des connaissances et les discussions de groupe.<\/span><\/p><h2><i><span style=\"font-weight: 400;\">Responsabilit\u00e9s<\/span><\/i><\/h2><ul><li style=\"font-weight: 400;\" aria-level=\"1\"><p><span style=\"font-weight: 400;\">Plan, <\/span><i><span style=\"font-weight: 400;\">plomb<\/span><\/i><span style=\"font-weight: 400;\"> et animer deux forums sur le respect chaque ann\u00e9e.<\/span><\/p><\/li><\/ul><ul><li style=\"font-weight: 400;\" aria-level=\"1\"><span style=\"font-weight: 400;\">Engager les participants dans des discussions relatives au bien-\u00eatre des personnels en uniforme et de leurs familles.<\/span><\/li><li style=\"font-weight: 400;\" aria-level=\"1\"><span style=\"font-weight: 400;\">Se coordonner avec les organisations locales afin de garantir la mise en commun d'un large \u00e9ventail de points de vue et de ressources.<\/span><\/li><li style=\"font-weight: 400;\" aria-level=\"1\"><span style=\"font-weight: 400;\">Promouvoir une collaboration qui am\u00e9liore la prestation de services en mati\u00e8re de transition, de sant\u00e9 mentale, de toxicomanie et d'instabilit\u00e9 du logement.<\/span><\/li><li style=\"font-weight: 400;\" aria-level=\"1\"><span style=\"font-weight: 400;\">Fournir un retour d'information et des rapports sur les r\u00e9sultats du forum et l'engagement des participants.<\/span><\/li><\/ul><h2><i><span style=\"font-weight: 400;\">Qualifications<\/span><\/i><\/h2><ul><li style=\"font-weight: 400;\" aria-level=\"1\"><span style=\"font-weight: 400;\">Une exp\u00e9rience au sein de l'arm\u00e9e ou des services d'urgence (police, pompiers, SAMU) ou une interaction avec ces personnes par le biais de services de soutien est pr\u00e9f\u00e9rable.<\/span><\/li><li style=\"font-weight: 400;\" aria-level=\"1\"><span style=\"font-weight: 400;\">Solides comp\u00e9tences en mati\u00e8re de leadership et de facilitation.<\/span><\/li><li style=\"font-weight: 400;\" aria-level=\"1\"><span style=\"font-weight: 400;\">Excellentes capacit\u00e9s de communication et de mise en r\u00e9seau.<\/span><\/li><li style=\"font-weight: 400;\" aria-level=\"1\"><span style=\"font-weight: 400;\">Passion pour le soutien aux personnels en uniforme et \u00e0 leurs familles.<\/span><\/li><li style=\"font-weight: 400;\" aria-level=\"1\"><span style=\"font-weight: 400;\">Approche motiv\u00e9e et proactive de l'engagement communautaire.<\/span><\/li><\/ul><h2><span style=\"font-weight: 400;\">Compensation<\/span><\/h2><ul><li style=\"font-weight: 400;\" aria-level=\"1\"><span style=\"font-weight: 400;\">Frais couverts pour chaque forum organis\u00e9.<\/span><\/li><li style=\"font-weight: 400;\" aria-level=\"1\"><span style=\"font-weight: 400;\">Indemnit\u00e9 vers\u00e9e pour chaque forum anim\u00e9.<\/span><\/li><\/ul><h2><span style=\"font-weight: 400;\">Processus de candidature<\/span><\/h2><p><span style=\"font-weight: 400;\">Les personnes int\u00e9ress\u00e9es peuvent contacter Drew Burgwin par courrier \u00e9lectronique \u00e0 l'adresse suivante <a href=\"mailto:drew@respectcanada.org\">drew@respectcanada.org<\/a> pour exprimer leur int\u00e9r\u00eat et fournir des d\u00e9tails sur leur exp\u00e9rience pertinente, ou visiter notre site web \u00e0 respectcanada.org pour plus d'informations.<\/span><\/p>\t\t\t\t\t\t\t\t<\/div>\n\t\t\t\t<\/div>\n\t\t\t\t\t<\/div>\n\t\t<\/div>\n\t\t\t\t\t<\/div>\n\t\t<\/section>\n\t\t\t\t<\/div>","protected":false},"excerpt":{"rendered":"<p>Respect Canada is looking for a facilitator to lead the Vancouver Respect Canada Forums Respect Forum meetings bring together people from health and social services, all levels of government, universities, community organizations, and peer support organizations. Participants have the opportunity to talk about their organizations, the services they provide, the challenges they face, and their [&hellip;]<\/p>\n","protected":false},"author":3,"featured_media":0,"parent":0,"menu_order":0,"comment_status":"closed","ping_status":"closed","template":"","meta":{"footnotes":""},"class_list":["post-5176","page","type-page","status-publish","hentry"],"_links":{"self":[{"href":"https:\/\/respectcanada.org\/fr\/wp-json\/wp\/v2\/pages\/5176","targetHints":{"allow":["GET"]}}],"collection":[{"href":"https:\/\/respectcanada.org\/fr\/wp-json\/wp\/v2\/pages"}],"about":[{"href":"https:\/\/respectcanada.org\/fr\/wp-json\/wp\/v2\/types\/page"}],"author":[{"embeddable":true,"href":"https:\/\/respectcanada.org\/fr\/wp-json\/wp\/v2\/users\/3"}],"replies":[{"embeddable":true,"href":"https:\/\/respectcanada.org\/fr\/wp-json\/wp\/v2\/comments?post=5176"}],"version-history":[{"count":4,"href":"https:\/\/respectcanada.org\/fr\/wp-json\/wp\/v2\/pages\/5176\/revisions"}],"predecessor-version":[{"id":5180,"href":"https:\/\/respectcanada.org\/fr\/wp-json\/wp\/v2\/pages\/5176\/revisions\/5180"}],"wp:attachment":[{"href":"https:\/\/respectcanada.org\/fr\/wp-json\/wp\/v2\/media?parent=5176"}],"curies":[{"name":"wp","href":"https:\/\/api.w.org\/{rel}","templated":true}]}}