{"id":411,"date":"2023-01-25T17:34:10","date_gmt":"2023-01-25T17:34:10","guid":{"rendered":"https:\/\/respectcanada.org\/?page_id=411"},"modified":"2024-03-07T18:51:44","modified_gmt":"2024-03-07T18:51:44","slug":"academic-outreach","status":"publish","type":"page","link":"https:\/\/respectcanada.org\/fr\/academic-outreach\/","title":{"rendered":"Sensibilisation acad\u00e9mique"},"content":{"rendered":"<div data-elementor-type=\"wp-page\" data-elementor-id=\"411\" class=\"elementor elementor-411\" data-elementor-post-type=\"page\">\n\t\t\t\t\t\t<section class=\"elementor-section elementor-top-section elementor-element elementor-element-d8c2810 elementor-section-height-min-height elementor-section-boxed elementor-section-height-default elementor-section-items-middle elementor-invisible\" data-id=\"d8c2810\" data-element_type=\"section\" data-e-type=\"section\" data-settings=\"{&quot;background_background&quot;:&quot;classic&quot;,&quot;animation&quot;:&quot;fadeIn&quot;}\">\n\t\t\t\t\t\t\t<div class=\"elementor-background-overlay\"><\/div>\n\t\t\t\t\t\t\t<div class=\"elementor-container elementor-column-gap-default\">\n\t\t\t\t\t<div class=\"elementor-column elementor-col-100 elementor-top-column elementor-element elementor-element-a556d70 elementor-invisible\" data-id=\"a556d70\" data-element_type=\"column\" data-e-type=\"column\" data-settings=\"{&quot;animation&quot;:&quot;fadeInLeft&quot;}\">\n\t\t\t<div class=\"elementor-widget-wrap elementor-element-populated\">\n\t\t\t\t\t\t<div class=\"elementor-element elementor-element-f3b041f elementor-widget elementor-widget-heading\" data-id=\"f3b041f\" data-element_type=\"widget\" data-e-type=\"widget\" data-widget_type=\"heading.default\">\n\t\t\t\t<div class=\"elementor-widget-container\">\n\t\t\t\t\t<h1 class=\"elementor-heading-title elementor-size-default\">Sensibilisation acad\u00e9mique<\/h1>\t\t\t\t<\/div>\n\t\t\t\t<\/div>\n\t\t\t\t\t<\/div>\n\t\t<\/div>\n\t\t\t\t\t<\/div>\n\t\t<\/section>\n\t\t\t\t<section class=\"elementor-section elementor-top-section elementor-element elementor-element-6aa5b35 elementor-section-boxed elementor-section-height-default elementor-section-height-default\" data-id=\"6aa5b35\" data-element_type=\"section\" data-e-type=\"section\">\n\t\t\t\t\t\t<div class=\"elementor-container elementor-column-gap-default\">\n\t\t\t\t\t<div class=\"elementor-column elementor-col-100 elementor-top-column elementor-element elementor-element-624622c elementor-invisible\" data-id=\"624622c\" data-element_type=\"column\" data-e-type=\"column\" data-settings=\"{&quot;animation&quot;:&quot;fadeInUp&quot;}\">\n\t\t\t<div class=\"elementor-widget-wrap elementor-element-populated\">\n\t\t\t\t\t\t<div class=\"elementor-element elementor-element-8c759e3 elementor-widget elementor-widget-text-editor\" data-id=\"8c759e3\" data-element_type=\"widget\" data-e-type=\"widget\" data-widget_type=\"text-editor.default\">\n\t\t\t\t<div class=\"elementor-widget-container\">\n\t\t\t\t\t\t\t\t\t<p>COORDINATEUR DE L'ACTION SOCIALE EN MILIEU UNIVERSITAIRE<br \/><strong>Darryl Cathcart,\u00a0<\/strong><b>CD, EdD<\/b><\/p><p><a href=\"https:\/\/respectcanada.org\/fr\/leadership\/\">Cliquez ici pour la biographie<\/a><\/p><p><strong>Contact :<\/strong> <a href=\"mailto:darrylcathcart@releasepointeducation.ca\">darrylcathcart@releasepointeducation.ca<\/a><\/p><h4>Vision<\/h4><p>En favorisant le respect et la compr\u00e9hension dans les milieux universitaires et communautaires, le Respect Forum envisage un monde o\u00f9 l'exploration scientifique, la collaboration interdisciplinaire et l'expertise en la mati\u00e8re convergent pour aborder les questions essentielles li\u00e9es au bien-\u00eatre des anciens combattants et des premiers intervenants. Gr\u00e2ce \u00e0 un engagement innovant, \u00e0 des initiatives de sensibilisation et au d\u00e9veloppement de r\u00e9seaux de connaissances, nous aspirons \u00e0 favoriser l'inclusion, \u00e0 soutenir des voix diverses et \u00e0 promouvoir une culture qui transcende les fronti\u00e8res, inspirant un changement positif dans le monde universitaire et au-del\u00e0.<\/p><h4>Sensibilisation des universitaires<\/h4><ul><li>Engager d\u00e9lib\u00e9r\u00e9ment les universitaires, les chercheurs et les associations de l'enseignement sup\u00e9rieur dans des \u00e9v\u00e9nements visant \u00e0 promouvoir la mission et \u00e0 s'engager dans Respect Canada.<\/li><li>Promouvoir les possibilit\u00e9s de recherche et de publication ax\u00e9es sur la sant\u00e9 mentale, le r\u00e9tablissement apr\u00e8s un traumatisme, le sans-abrisme et le bien-\u00eatre des anciens combattants et des premiers intervenants, afin d'encourager l'exploration et la contribution scientifiques.<\/li><\/ul><h4>Liaison<\/h4><ul><li>\u00c9tablir un r\u00e9seau interdisciplinaire et un partenariat avec des \u00e9tablissements universitaires pour favoriser la collaboration entre les services sociaux et de sant\u00e9, tous les niveaux de gouvernement, les organisations communautaires et les organisations de soutien par les pairs.<\/li><li>Mettre en \u0153uvre un programme de connexion entre les universitaires et les organisations de soutien aux anciens combattants et aux premiers intervenants afin de faciliter l'\u00e9change de connaissances et d'encourager la recherche sur les difficult\u00e9s de transition, la sant\u00e9 mentale et le bien-\u00eatre.<\/li><\/ul><h4>Maintenir l'expertise en la mati\u00e8re<\/h4><ul><li>Cr\u00e9er un r\u00e9pertoire central d'\u00e9tudes de cas, de r\u00e9sultats de recherche et de meilleures pratiques sur la base des discussions et des activit\u00e9s de sensibilisation des forums.<\/li><li>Participer aux ateliers et aux s\u00e9ances de formation organis\u00e9s r\u00e9guli\u00e8rement \u00e0 l'intention des membres du forum Respect afin de tenir l'organisation inform\u00e9e des derniers d\u00e9veloppements et des strat\u00e9gies efficaces en mati\u00e8re de soutien aux anciens combattants et aux premiers intervenants.<\/li><\/ul><h4>Conclusion<\/h4><p>Le plan d'engagement acad\u00e9mique du Respect Forum est un document vivant, appel\u00e9 \u00e0 \u00e9voluer au fur et \u00e0 mesure que nous tirons les le\u00e7ons de nos exp\u00e9riences et des contributions de nos \u00e9tudiants.<br \/>communaut\u00e9. En nous concentrant sur la sensibilisation, l'\u00e9tablissement de liens solides et le maintien d'une expertise en la mati\u00e8re, nous visons \u00e0 cr\u00e9er un effet d'entra\u00eenement qui transcende les fronti\u00e8res acad\u00e9miques et influence la soci\u00e9t\u00e9 dans son ensemble.<\/p>\t\t\t\t\t\t\t\t<\/div>\n\t\t\t\t<\/div>\n\t\t\t\t\t<\/div>\n\t\t<\/div>\n\t\t\t\t\t<\/div>\n\t\t<\/section>\n\t\t\t\t<\/div>","protected":false},"excerpt":{"rendered":"<p>Academic Outreach ACADEMIC OUTREACH COORDINATORDarryl Cathcart,\u00a0CD, EdD Click here for bio Contact: darrylcathcart@releasepointeducation.ca Vision Empowering academic and community landscapes with respect and understanding, the Respect Forum envisions a world where scholarly exploration, interdisciplinary collaboration, and subject matter expertise converge to address critical Veteran and First Responder well-being issues. Through innovative engagement, awareness initiatives, and the [&hellip;]<\/p>\n","protected":false},"author":3,"featured_media":0,"parent":0,"menu_order":0,"comment_status":"closed","ping_status":"closed","template":"elementor_header_footer","meta":{"footnotes":""},"class_list":["post-411","page","type-page","status-publish","hentry"],"_links":{"self":[{"href":"https:\/\/respectcanada.org\/fr\/wp-json\/wp\/v2\/pages\/411","targetHints":{"allow":["GET"]}}],"collection":[{"href":"https:\/\/respectcanada.org\/fr\/wp-json\/wp\/v2\/pages"}],"about":[{"href":"https:\/\/respectcanada.org\/fr\/wp-json\/wp\/v2\/types\/page"}],"author":[{"embeddable":true,"href":"https:\/\/respectcanada.org\/fr\/wp-json\/wp\/v2\/users\/3"}],"replies":[{"embeddable":true,"href":"https:\/\/respectcanada.org\/fr\/wp-json\/wp\/v2\/comments?post=411"}],"version-history":[{"count":5,"href":"https:\/\/respectcanada.org\/fr\/wp-json\/wp\/v2\/pages\/411\/revisions"}],"predecessor-version":[{"id":3543,"href":"https:\/\/respectcanada.org\/fr\/wp-json\/wp\/v2\/pages\/411\/revisions\/3543"}],"wp:attachment":[{"href":"https:\/\/respectcanada.org\/fr\/wp-json\/wp\/v2\/media?parent=411"}],"curies":[{"name":"wp","href":"https:\/\/api.w.org\/{rel}","templated":true}]}}