{"id":2241,"date":"2023-08-09T13:39:12","date_gmt":"2023-08-09T13:39:12","guid":{"rendered":"https:\/\/respectcanada.org\/?page_id=2241"},"modified":"2024-01-23T15:57:58","modified_gmt":"2024-01-23T15:57:58","slug":"womens-outreach2","status":"publish","type":"page","link":"https:\/\/respectcanada.org\/fr\/womens-outreach2\/","title":{"rendered":"Sensibilisation des femmes - orig"},"content":{"rendered":"<div data-elementor-type=\"wp-page\" data-elementor-id=\"2241\" class=\"elementor elementor-2241\" data-elementor-post-type=\"page\">\n\t\t\t\t\t\t<section class=\"elementor-section elementor-top-section elementor-element elementor-element-457f0163 elementor-section-height-min-height elementor-section-boxed elementor-section-height-default elementor-section-items-middle elementor-invisible\" data-id=\"457f0163\" data-element_type=\"section\" data-e-type=\"section\" data-settings=\"{&quot;background_background&quot;:&quot;classic&quot;,&quot;animation&quot;:&quot;fadeIn&quot;}\">\n\t\t\t\t\t\t\t<div class=\"elementor-background-overlay\"><\/div>\n\t\t\t\t\t\t\t<div class=\"elementor-container elementor-column-gap-default\">\n\t\t\t\t\t<div class=\"elementor-column elementor-col-100 elementor-top-column elementor-element elementor-element-6b5bbaad elementor-invisible\" data-id=\"6b5bbaad\" data-element_type=\"column\" data-e-type=\"column\" data-settings=\"{&quot;animation&quot;:&quot;fadeInLeft&quot;}\">\n\t\t\t<div class=\"elementor-widget-wrap elementor-element-populated\">\n\t\t\t\t\t\t<div class=\"elementor-element elementor-element-58f5067e elementor-widget elementor-widget-heading\" data-id=\"58f5067e\" data-element_type=\"widget\" data-e-type=\"widget\" data-widget_type=\"heading.default\">\n\t\t\t\t<div class=\"elementor-widget-container\">\n\t\t\t\t\t<h1 class=\"elementor-heading-title elementor-size-default\">Sensibilisation des femmes<\/h1>\t\t\t\t<\/div>\n\t\t\t\t<\/div>\n\t\t\t\t\t<\/div>\n\t\t<\/div>\n\t\t\t\t\t<\/div>\n\t\t<\/section>\n\t\t\t\t<section class=\"elementor-section elementor-top-section elementor-element elementor-element-613ae05d elementor-section-height-min-height elementor-section-boxed elementor-section-height-default elementor-section-items-middle\" data-id=\"613ae05d\" data-element_type=\"section\" data-e-type=\"section\">\n\t\t\t\t\t\t<div class=\"elementor-container elementor-column-gap-default\">\n\t\t\t\t\t<div class=\"elementor-column elementor-col-100 elementor-top-column elementor-element elementor-element-5287e924 elementor-invisible\" data-id=\"5287e924\" data-element_type=\"column\" data-e-type=\"column\" data-settings=\"{&quot;animation&quot;:&quot;fadeInUp&quot;}\">\n\t\t\t<div class=\"elementor-widget-wrap elementor-element-populated\">\n\t\t\t\t\t\t<div class=\"elementor-element elementor-element-55d97a38 elementor-widget elementor-widget-text-editor\" data-id=\"55d97a38\" data-element_type=\"widget\" data-e-type=\"widget\" data-widget_type=\"text-editor.default\">\n\t\t\t\t<div class=\"elementor-widget-container\">\n\t\t\t\t\t\t\t\t\t<p><span style=\"font-weight: 400;\">Gr\u00e2ce \u00e0 ce mandat, Respect Canada vise \u00e0 reconna\u00eetre les d\u00e9fis et les besoins sp\u00e9cifiques des femmes et des membres de la communaut\u00e9 LGBTQ2+ dans les professions en uniforme. \u00c0 cette fin, nous organisons divers \u00e9v\u00e9nements de partage des connaissances pour illustrer ces d\u00e9fis et encourager la collaboration pour trouver des solutions.<\/span><\/p>\t\t\t\t\t\t\t\t<\/div>\n\t\t\t\t<\/div>\n\t\t\t\t<div class=\"elementor-element elementor-element-1077bfd2 elementor-widget elementor-widget-heading\" data-id=\"1077bfd2\" data-element_type=\"widget\" data-e-type=\"widget\" data-widget_type=\"heading.default\">\n\t\t\t\t<div class=\"elementor-widget-container\">\n\t\t\t\t\t<h3 class=\"elementor-heading-title elementor-size-default\">The Lunch &amp; Meet of the Women\u2019s Outreach<\/h3>\t\t\t\t<\/div>\n\t\t\t\t<\/div>\n\t\t\t\t<div class=\"elementor-element elementor-element-5fd7a5fa elementor-widget elementor-widget-text-editor\" data-id=\"5fd7a5fa\" data-element_type=\"widget\" data-e-type=\"widget\" data-widget_type=\"text-editor.default\">\n\t\t\t\t<div class=\"elementor-widget-container\">\n\t\t\t\t\t\t\t\t\t<p><span style=\"font-weight: 400;\">Les diners-rencontre du Women's Outreach, organis\u00e9s par le Respect Forum, sont des \u00e9v\u00e9nements virtuels qui mettent en avant les organisations qui fournissent des services sp\u00e9cifiques aux femmes en uniforme. C'est l'occasion pour les organisations de pr\u00e9senter leurs services pour r\u00e9pondre aux besoins sp\u00e9cifiques des femmes en uniforme.<\/span><\/p>\t\t\t\t\t\t\t\t<\/div>\n\t\t\t\t<\/div>\n\t\t\t\t<div class=\"elementor-element elementor-element-41597c60 elementor-widget elementor-widget-heading\" data-id=\"41597c60\" data-element_type=\"widget\" data-e-type=\"widget\" data-widget_type=\"heading.default\">\n\t\t\t\t<div class=\"elementor-widget-container\">\n\t\t\t\t\t<h3 class=\"elementor-heading-title elementor-size-default\">Our past Lunch &amp; Meet<\/h3>\t\t\t\t<\/div>\n\t\t\t\t<\/div>\n\t\t\t\t<div class=\"elementor-element elementor-element-2e5938f1 elementor-widget elementor-widget-text-editor\" data-id=\"2e5938f1\" data-element_type=\"widget\" data-e-type=\"widget\" data-widget_type=\"text-editor.default\">\n\t\t\t\t<div class=\"elementor-widget-container\">\n\t\t\t\t\t\t\t\t\t<p><span style=\"font-weight: 400;\">D\u00e9couvrez ou red\u00e9couvrez nos anciens Lunch &amp; Meet :<\/span><\/p><ul><li style=\"font-weight: 400;\" aria-level=\"1\"><span style=\"font-weight: 400;\">R\u00e9seau de transition des anciens combattants : Rencontrez Marion Turmine (directrice des op\u00e9rations au Qu\u00e9bec) et Claudine Barette (psychologue) qui parleront de la retraite pour femmes offerte par le R\u00e9seau de transition des anciens combattants.<\/span><\/li><\/ul><p><a href=\"https:\/\/www.youtube.com\/watch?v=_xIhtai8PyE&amp;list=PLmeOfai7ri9ejvHiXXpOz8K3YfnUbmVsF&amp;index=2&amp;t=6s&amp;ab_channel=RespectForumCanada\"><span style=\"font-weight: 400;\">https:\/\/www.youtube.com\/watch?v=_xIhtai8PyE&amp;list=PLmeOfai7ri9ejvHiXXpOz8K3YfnUbmVsF&amp;index=2&amp;t=6s&amp;ab_channel=RespectForumCanada<\/span><\/a><span style=\"font-weight: 400;\">\u00a0<\/span><\/p><ul><li style=\"font-weight: 400;\" aria-level=\"1\"><span style=\"font-weight: 400;\">L'Initiative canadienne pour le bien-\u00eatre des femmes : Rencontrez Ann Royer (chercheuse et conf\u00e9renci\u00e8re clinique (\u00e0 la retraite) et enseignante certifi\u00e9e de MT) qui partagera avec nous une approche innovante pour r\u00e9duire le stress et augmenter le bien-\u00eatre familial gr\u00e2ce \u00e0 la M\u00e9ditation Transcendantale (MT).<\/span><\/li><\/ul><p><a href=\"https:\/\/www.youtube.com\/watch?v=h1Z5iVt4gTk&amp;list=PLmeOfai7ri9ejvHiXXpOz8K3YfnUbmVsF&amp;index=3&amp;t=805s&amp;ab_channel=RespectForumCanada\"><span style=\"font-weight: 400;\">https:\/\/www.youtube.com\/watch?v=h1Z5iVt4gTk&amp;list=PLmeOfai7ri9ejvHiXXpOz8K3YfnUbmVsF&amp;index=3&amp;t=805s&amp;ab_channel=RespectForumCanada<\/span><\/a><span style=\"font-weight: 400;\">\u00a0<\/span><\/p><ul><li style=\"font-weight: 400;\" aria-level=\"1\"><span style=\"font-weight: 400;\">Mission VAV : Rejoignez Violette Berberian, responsable de la strat\u00e9gie et de la communication de Mission VAV, qui viendra vous parler de leur programme et de leur mission Boost Your Mood.<\/span><\/li><\/ul><p><a href=\"https:\/\/www.youtube.com\/watch?v=BzMii7jxhc0&amp;list=PLmeOfai7ri9ejvHiXXpOz8K3YfnUbmVsF&amp;index=3&amp;t=2017s&amp;ab_channel=RespectForumCanada\"><span style=\"font-weight: 400;\">https:\/\/www.youtube.com\/watch?v=BzMii7jxhc0&amp;list=PLmeOfai7ri9ejvHiXXpOz8K3YfnUbmVsF&amp;index=3&amp;t=2017s&amp;ab_channel=RespectForumCanada<\/span><\/a> <\/p>\t\t\t\t\t\t\t\t<\/div>\n\t\t\t\t<\/div>\n\t\t\t\t<div class=\"elementor-element elementor-element-5e707432 elementor-widget elementor-widget-heading\" data-id=\"5e707432\" data-element_type=\"widget\" data-e-type=\"widget\" data-widget_type=\"heading.default\">\n\t\t\t\t<div class=\"elementor-widget-container\">\n\t\t\t\t\t<h3 class=\"elementor-heading-title elementor-size-default\">Le sans-abrisme chez les femmes. Questions et d\u00e9fis des offres de logement pour les v\u00e9t\u00e9rans militaires et le personnel des services d'urgence<\/h3>\t\t\t\t<\/div>\n\t\t\t\t<\/div>\n\t\t\t\t<div class=\"elementor-element elementor-element-2e2d857c elementor-widget elementor-widget-text-editor\" data-id=\"2e2d857c\" data-element_type=\"widget\" data-e-type=\"widget\" data-widget_type=\"text-editor.default\">\n\t\t\t\t<div class=\"elementor-widget-container\">\n\t\t\t\t\t\t\t\t\t<p><span style=\"font-weight: 400;\">Le sujet de l'itin\u00e9rance chez les femmes en uniforme est vaste et fait face \u00e0 un r\u00e9el manque au Canada. Un travail en silo qui se concentre soit sur les d\u00e9fis sp\u00e9cifiques aux anciens combattants, sans tenir compte du sexe, soit sur l'itin\u00e9rance des femmes, sans tenir compte de l'exp\u00e9rience professionnelle des femmes en uniforme. Ainsi, chaque expertise est pertinente pour r\u00e9unir ces deux aspects dans une approche innovante. En mai et juin 2021, nous avons organis\u00e9 un symposium visant \u00e0 ouvrir la r\u00e9flexion en pr\u00e9sentant diff\u00e9rentes approches pour favoriser la collaboration et l'\u00e9change de connaissances.<\/span><\/p><p><span style=\"font-weight: 400;\">* <\/span><i><span style=\"font-weight: 400;\">En partenariat avec l'Alliance canadienne pour mettre fin au sans-abrisme et la Fondation qu\u00e9b\u00e9coise des V\u00e9t\u00e9rans.<\/span><\/i><\/p><p><br \/><br \/><br \/><br \/><br \/><br \/><\/p><p><span style=\"font-weight: 400;\">Retrouvez les pr\u00e9sentations de nos intervenants ici :<\/span><\/p><ul><li style=\"font-weight: 400;\" aria-level=\"1\"><span style=\"font-weight: 400;\">\"L'itin\u00e9rance chez les femmes v\u00e9t\u00e9rans : Une perspective des \u00c9tats-Unis\" - Servane Roupnel (Universit\u00e9 Laval)<\/span><\/li><\/ul><p><a href=\"https:\/\/www.youtube.com\/watch?v=-1xSZFnWRuU&amp;list=PLmeOfai7ri9ejN57WRjD33KCKiN4_C2p6&amp;index=2&amp;t=1s&amp;ab_channel=RespectForumCanada\"><span style=\"font-weight: 400;\">https:\/\/www.youtube.com\/watch?v=-1xSZFnWRuU&amp;list=PLmeOfai7ri9ejN57WRjD33KCKiN4_C2p6&amp;index=2&amp;t=1s&amp;ab_channel=RespectForumCanada<\/span><\/a><span style=\"font-weight: 400;\">\u00a0<\/span><\/p><ul><li style=\"font-weight: 400;\" aria-level=\"1\"><span style=\"font-weight: 400;\">\"M\u00eame notre maison est sexu\u00e9e\" - Dr. Paul Morin (Universit\u00e9 de Sherbrooke)<\/span><\/li><\/ul><p><a href=\"https:\/\/www.youtube.com\/watch?v=6NhqlUcq2M0&amp;list=PLmeOfai7ri9ejN57WRjD33KCKiN4_C2p6&amp;index=3&amp;ab_channel=RespectForumCanada\"><span style=\"font-weight: 400;\">https:\/\/www.youtube.com\/watch?v=6NhqlUcq2M0&amp;list=PLmeOfai7ri9ejN57WRjD33KCKiN4_C2p6&amp;index=3&amp;ab_channel=RespectForumCanada<\/span><\/a><\/p><ul><li style=\"font-weight: 400;\" aria-level=\"1\"><span style=\"font-weight: 400;\">\"Les causes sociales des traumatismes complexes : Une approche sociologique m\u00e9dicale\" - Heidi Rimke (Universit\u00e9 de Winnipeg)<\/span><\/li><\/ul><p><a href=\"https:\/\/www.youtube.com\/watch?v=nCx6TYnMJGo&amp;list=PLmeOfai7ri9ejN57WRjD33KCKiN4_C2p6&amp;index=4&amp;t=7s&amp;ab_channel=RespectForumCanada\"><span style=\"font-weight: 400;\">https:\/\/www.youtube.com\/watch?v=nCx6TYnMJGo&amp;list=PLmeOfai7ri9ejN57WRjD33KCKiN4_C2p6&amp;index=4&amp;t=7s&amp;ab_channel=RespectForumCanada<\/span><\/a><\/p><ul><li style=\"font-weight: 400;\" aria-level=\"1\"><span style=\"font-weight: 400;\">\"De l'itin\u00e9rance \u00e0 l'aide \u00e0 la gu\u00e9rison. Comment le fait d'avoir tout perdu lui a appris qu'elle pouvait tout surmonter\". - Jillian Brown (Camp My Way)<\/span><\/li><\/ul><p><a href=\"https:\/\/www.youtube.com\/watch?v=HOVEI6uhcIc&amp;list=PLmeOfai7ri9ejN57WRjD33KCKiN4_C2p6&amp;index=5&amp;t=6s&amp;ab_channel=RespectForumCanada\"><span style=\"font-weight: 400;\">https:\/\/www.youtube.com\/watch?v=HOVEI6uhcIc&amp;list=PLmeOfai7ri9ejN57WRjD33KCKiN4_C2p6&amp;index=5&amp;t=6s&amp;ab_channel=RespectForumCanada<\/span><\/a><\/p><ul><li style=\"font-weight: 400;\" aria-level=\"1\"><span style=\"font-weight: 400;\">\"Efficacit\u00e9 du logement d'abord en tant que strat\u00e9gie visant \u00e0 aider les personnes \u00e0 sortir du sans-abrisme et \u00e0 se loger de mani\u00e8re stable\" - Tim Aubry (Universit\u00e9 d'Ottawa)<\/span><\/li><\/ul><p><a href=\"https:\/\/www.youtube.com\/watch?v=Y43Ew7to19U&amp;list=PLmeOfai7ri9ejN57WRjD33KCKiN4_C2p6&amp;index=6&amp;ab_channel=RespectForumCanada\"><span style=\"font-weight: 400;\">https:\/\/www.youtube.com\/watch?v=Y43Ew7to19U&amp;list=PLmeOfai7ri9ejN57WRjD33KCKiN4_C2p6&amp;index=6&amp;ab_channel=RespectForumCanada<\/span><\/a><\/p><ul><li style=\"font-weight: 400;\" aria-level=\"1\"><span style=\"font-weight: 400;\">\"La relation entre les traumatismes et l'instabilit\u00e9 du logement chez les femmes v\u00e9t\u00e9rans\" - Ann Elizabeth Montgomery (Universit\u00e9 du Manitoba)<\/span><\/li><\/ul><p><a href=\"https:\/\/www.youtube.com\/watch?v=hBtGizqW1o0&amp;list=PLmeOfai7ri9ejN57WRjD33KCKiN4_C2p6&amp;index=7&amp;ab_channel=RespectForumCanada\"><span style=\"font-weight: 400;\">https:\/\/www.youtube.com\/watch?v=hBtGizqW1o0&amp;list=PLmeOfai7ri9ejN57WRjD33KCKiN4_C2p6&amp;index=7&amp;ab_channel=RespectForumCanada<\/span><\/a><\/p><ul><li style=\"font-weight: 400;\" aria-level=\"1\"><span style=\"font-weight: 400;\">\"Pratiques inclusives dans l'acc\u00e8s coordonn\u00e9 : Sensibilisation des femmes en uniforme sans domicile fixe\" - Cathy Boyce (Conseil du d\u00e9veloppement humain)<\/span><\/li><\/ul><p><a href=\"https:\/\/www.youtube.com\/watch?v=W4cSO8wg6oM&amp;list=PLmeOfai7ri9ejN57WRjD33KCKiN4_C2p6&amp;index=7&amp;t=1s&amp;ab_channel=RespectForumCanada\"><span style=\"font-weight: 400;\">https:\/\/www.youtube.com\/watch?v=W4cSO8wg6oM&amp;list=PLmeOfai7ri9ejN57WRjD33KCKiN4_C2p6&amp;index=7&amp;t=1s&amp;ab_channel=RespectForumCanada<\/span><\/a><span style=\"font-weight: 400;\">\u00a0<\/span><\/p><p>\u00a0<\/p><p><span style=\"font-weight: 400;\">Pour lire le rapport d'\u00e9valuation du programme de ce symposium :<\/span><\/p><p><a href=\"https:\/\/respectcanada.org\/fr\/images\/pdfs_imgs_reports\/rf_report_homelessness_women.pdf\/\"><span style=\"font-weight: 400;\">https:\/\/respectcanada.org\/images\/pdfs_imgs_reports\/rf_report_homelessness_women.pdf<\/span><\/a> <\/p>\t\t\t\t\t\t\t\t<\/div>\n\t\t\t\t<\/div>\n\t\t\t\t<div class=\"elementor-element elementor-element-6df4a0e6 elementor-widget elementor-widget-heading\" data-id=\"6df4a0e6\" data-element_type=\"widget\" data-e-type=\"widget\" data-widget_type=\"heading.default\">\n\t\t\t\t<div class=\"elementor-widget-container\">\n\t\t\t\t\t<h3 class=\"elementor-heading-title elementor-size-default\">Les besoins sp\u00e9cifiques des femmes en uniforme<\/h3>\t\t\t\t<\/div>\n\t\t\t\t<\/div>\n\t\t\t\t<div class=\"elementor-element elementor-element-50a2dfaf elementor-widget elementor-widget-text-editor\" data-id=\"50a2dfaf\" data-element_type=\"widget\" data-e-type=\"widget\" data-widget_type=\"text-editor.default\">\n\t\t\t\t<div class=\"elementor-widget-container\">\n\t\t\t\t\t\t\t\t\t<p><span style=\"font-weight: 400;\">Notre mandat \"Women's Outreach\" a d\u00e9but\u00e9 par un premier symposium afin de donner la parole aux femmes en uniforme sur leur quotidien, leurs d\u00e9fis, mais aussi leurs bonnes id\u00e9es et leurs solutions. R\u00e9unissant des femmes en uniforme ainsi que des femmes travaillant dans des organisations d'aide et de soutien, ce symposium a \u00e9t\u00e9 un lieu de partage dans le but de d\u00e9velopper la connaissance et la collaboration.<\/span><\/p><p><span style=\"font-weight: 400;\">* <\/span><i><span style=\"font-weight: 400;\">En partenariat avec la Fondation True Patriot Love<\/span><\/i><\/p><p><span style=\"font-weight: 400;\">Pour lire le rapport complet de ce symposium :<\/span><\/p><p><span style=\"font-weight: 400;\">EN :<\/span><a href=\"https:\/\/drive.google.com\/file\/d\/18gvKbbR0kgI1hUVM7p0CgJICXZuSHL9W\/view?usp=sharing\"><span style=\"font-weight: 400;\">https:\/\/drive.google.com\/file\/d\/18gvKbbR0kgI1hUVM7p0CgJICXZuSHL9W\/view?usp=sharing<\/span><\/a><span style=\"font-weight: 400;\">\u00a0<\/span><\/p><p><span style=\"font-weight: 400;\">FR : <\/span><a href=\"https:\/\/drive.google.com\/file\/d\/1cQ_vk96mvuZPft-b0ev_bW-6XGqimiLn\/view?usp=sharing\"><span style=\"font-weight: 400;\">https:\/\/drive.google.com\/file\/d\/1cQ_vk96mvuZPft-b0ev_bW-6XGqimiLn\/view?usp=sharing<\/span><\/a><span style=\"font-weight: 400;\">\u00a0<\/span><\/p>\t\t\t\t\t\t\t\t<\/div>\n\t\t\t\t<\/div>\n\t\t\t\t<div class=\"elementor-element elementor-element-3c8fd394 elementor-widget elementor-widget-heading\" data-id=\"3c8fd394\" data-element_type=\"widget\" data-e-type=\"widget\" data-widget_type=\"heading.default\">\n\t\t\t\t<div class=\"elementor-widget-container\">\n\t\t\t\t\t<h3 class=\"elementor-heading-title elementor-size-default\">En savoir plus sur la recherche scientifique concernant les femmes et la communaut\u00e9 LGBTQ2+ en uniforme<\/h3>\t\t\t\t<\/div>\n\t\t\t\t<\/div>\n\t\t\t\t<div class=\"elementor-element elementor-element-2a3f265a elementor-widget elementor-widget-text-editor\" data-id=\"2a3f265a\" data-element_type=\"widget\" data-e-type=\"widget\" data-widget_type=\"text-editor.default\">\n\t\t\t\t<div class=\"elementor-widget-container\">\n\t\t\t\t\t\t\t\t\t<p><span style=\"font-weight: 400;\">Diverses recherches, tant au Canada qu'\u00e0 l'\u00e9tranger, examinent les difficult\u00e9s rencontr\u00e9es par les femmes et les membres de la communaut\u00e9 LGBTQ2+ dans les professions en uniforme. Notre coordinatrice nationale de la sensibilisation des femmes et des LGBTQ2+ pr\u00e9sente des rapports sur ces projets de recherche :\u00a0<\/span><\/p><p><span style=\"font-weight: 400;\">&lt;les liens doivent mener aux rapports qui seront, de base, dans la page \u00ab\u00a0Academic Outreach \u00bb&gt;<\/span><\/p><ul><li style=\"font-weight: 400;\" aria-level=\"1\"><span style=\"font-weight: 400;\">Devenez un alli\u00e9 des communaut\u00e9s LGBTQ2+ :\u00a0<\/span><\/li><\/ul><p><a href=\"https:\/\/respectcanada.org\/fr\/images\/pdfs_imgs_reports\/rf_report_become_an_ally_lgbtq2_en.pdf\/\"><span style=\"font-weight: 400;\">https:\/\/respectcanada.org\/images\/pdfs_imgs_reports\/rf_report_become_an_ally_lgbtq2_en.pdf<\/span><\/a><span style=\"font-weight: 400;\">\u00a0<\/span><\/p><ul><li style=\"font-weight: 400;\" aria-level=\"1\"><span style=\"font-weight: 400;\">L'\u00e9volution du d\u00e9bat sur l'inconduite sexuelle militaire et le traumatisme sexuel militaire : Introduction<\/span><\/li><\/ul><p><a href=\"https:\/\/respectcanada.org\/fr\/images\/pdfs_imgs_reports\/rf_report_evolving_discussion_en.pdf\/\"><span style=\"font-weight: 400;\">https:\/\/respectcanada.org\/images\/pdfs_imgs_reports\/rf_report_evolving_discussion_en.pdf<\/span><\/a><span style=\"font-weight: 400;\">\u00a0<\/span><\/p><ul><li style=\"font-weight: 400;\" aria-level=\"1\"><span style=\"font-weight: 400;\">La recherche au service du changement : Examen de l'histoire de la purge LGBT dans les forces arm\u00e9es canadiennes<\/span><\/li><\/ul><p><a href=\"https:\/\/respectcanada.org\/fr\/images\/pdfs_imgs_reports\/rf_report_history_LGBTQ_purge_en.pdf\/\"><span style=\"font-weight: 400;\">https:\/\/respectcanada.org\/images\/pdfs_imgs_reports\/rf_report_history_LGBTQ_purge_en.pdf<\/span><\/a><\/p><ul><li style=\"font-weight: 400;\" aria-level=\"1\"><span style=\"font-weight: 400;\">Journ\u00e9e internationale de la femme : Transition et identit\u00e9<\/span><\/li><\/ul><p><a href=\"https:\/\/respectcanada.org\/fr\/images\/pdfs_imgs_reports\/rf_report_intl_women_en.pdf\/\"><span style=\"font-weight: 400;\">https:\/\/respectcanada.org\/images\/pdfs_imgs_reports\/rf_report_intl_women_en.pdf<\/span><\/a><\/p><p><span style=\"font-weight: 400;\">Pour plus d'informations sur les webinaires et les ressources \u00e0 venir, veuillez contacter Servane Roupnel, notre coordinatrice nationale pour les femmes et les LGBTQ2+. <\/span><span style=\"font-weight: 400;\">\u25b8lien vers mon courriel : <\/span><a href=\"mailto:servane@respectcanada.org\"><span style=\"font-weight: 400;\">servane@respectcanada.org<\/span><\/a><\/p>\t\t\t\t\t\t\t\t<\/div>\n\t\t\t\t<\/div>\n\t\t\t\t\t<\/div>\n\t\t<\/div>\n\t\t\t\t\t<\/div>\n\t\t<\/section>\n\t\t\t\t<\/div>","protected":false},"excerpt":{"rendered":"<p>Women&#8217;s Outreach Through this mandate, Respect Canada aims to recognize the specific challenges and needs of women and members of the LGBTQ2+ community in the uniformed professions. To this end, we organize various knowledge-sharing events to illustrate these challenges and encourage collaboration to find solutions. The Lunch &amp; Meet of the Women\u2019s Outreach The Lunch [&hellip;]<\/p>\n","protected":false},"author":3,"featured_media":0,"parent":0,"menu_order":0,"comment_status":"closed","ping_status":"closed","template":"elementor_header_footer","meta":{"footnotes":""},"class_list":["post-2241","page","type-page","status-publish","hentry"],"_links":{"self":[{"href":"https:\/\/respectcanada.org\/fr\/wp-json\/wp\/v2\/pages\/2241","targetHints":{"allow":["GET"]}}],"collection":[{"href":"https:\/\/respectcanada.org\/fr\/wp-json\/wp\/v2\/pages"}],"about":[{"href":"https:\/\/respectcanada.org\/fr\/wp-json\/wp\/v2\/types\/page"}],"author":[{"embeddable":true,"href":"https:\/\/respectcanada.org\/fr\/wp-json\/wp\/v2\/users\/3"}],"replies":[{"embeddable":true,"href":"https:\/\/respectcanada.org\/fr\/wp-json\/wp\/v2\/comments?post=2241"}],"version-history":[{"count":5,"href":"https:\/\/respectcanada.org\/fr\/wp-json\/wp\/v2\/pages\/2241\/revisions"}],"predecessor-version":[{"id":3247,"href":"https:\/\/respectcanada.org\/fr\/wp-json\/wp\/v2\/pages\/2241\/revisions\/3247"}],"wp:attachment":[{"href":"https:\/\/respectcanada.org\/fr\/wp-json\/wp\/v2\/media?parent=2241"}],"curies":[{"name":"wp","href":"https:\/\/api.w.org\/{rel}","templated":true}]}}