{"id":1921,"date":"2023-07-23T14:00:13","date_gmt":"2023-07-23T14:00:13","guid":{"rendered":"https:\/\/respectcanada.org\/?page_id=1921"},"modified":"2023-08-08T17:32:33","modified_gmt":"2023-08-08T17:32:33","slug":"the-respect-campaign","status":"publish","type":"page","link":"https:\/\/respectcanada.org\/fr\/the-respect-campaign\/","title":{"rendered":"La campagne RESPECT"},"content":{"rendered":"<div data-elementor-type=\"wp-page\" data-elementor-id=\"1921\" class=\"elementor elementor-1921\" data-elementor-post-type=\"page\">\n\t\t\t\t\t\t<section class=\"elementor-section elementor-top-section elementor-element elementor-element-261dd93d elementor-section-height-min-height elementor-section-boxed elementor-section-height-default elementor-section-items-middle\" data-id=\"261dd93d\" data-element_type=\"section\" data-e-type=\"section\" data-settings=\"{&quot;background_background&quot;:&quot;classic&quot;}\">\n\t\t\t\t\t\t\t<div class=\"elementor-background-overlay\"><\/div>\n\t\t\t\t\t\t\t<div class=\"elementor-container elementor-column-gap-default\">\n\t\t\t\t\t<div class=\"elementor-column elementor-col-100 elementor-top-column elementor-element elementor-element-c21d5f1\" data-id=\"c21d5f1\" data-element_type=\"column\" data-e-type=\"column\">\n\t\t\t<div class=\"elementor-widget-wrap\">\n\t\t\t\t\t\t\t<\/div>\n\t\t<\/div>\n\t\t\t\t\t<\/div>\n\t\t<\/section>\n\t\t\t\t<section class=\"elementor-section elementor-top-section elementor-element elementor-element-600f713e elementor-section-boxed elementor-section-height-default elementor-section-height-default\" data-id=\"600f713e\" data-element_type=\"section\" data-e-type=\"section\">\n\t\t\t\t\t\t<div class=\"elementor-container elementor-column-gap-default\">\n\t\t\t\t\t<div class=\"elementor-column elementor-col-100 elementor-top-column elementor-element elementor-element-1ab95c46\" data-id=\"1ab95c46\" data-element_type=\"column\" data-e-type=\"column\">\n\t\t\t<div class=\"elementor-widget-wrap elementor-element-populated\">\n\t\t\t\t\t\t<div class=\"elementor-element elementor-element-6bc0c519 elementor-widget elementor-widget-heading\" data-id=\"6bc0c519\" data-element_type=\"widget\" data-e-type=\"widget\" data-widget_type=\"heading.default\">\n\t\t\t\t<div class=\"elementor-widget-container\">\n\t\t\t\t\t<h2 class=\"elementor-heading-title elementor-size-default\">La campagne RESPECT<\/h2>\t\t\t\t<\/div>\n\t\t\t\t<\/div>\n\t\t\t\t\t<\/div>\n\t\t<\/div>\n\t\t\t\t\t<\/div>\n\t\t<\/section>\n\t\t\t\t<section class=\"elementor-section elementor-top-section elementor-element elementor-element-6f37ff53 elementor-section-boxed elementor-section-height-default elementor-section-height-default\" data-id=\"6f37ff53\" data-element_type=\"section\" data-e-type=\"section\">\n\t\t\t\t\t\t<div class=\"elementor-container elementor-column-gap-default\">\n\t\t\t\t\t<div class=\"elementor-column elementor-col-100 elementor-top-column elementor-element elementor-element-1bc70194\" data-id=\"1bc70194\" data-element_type=\"column\" data-e-type=\"column\">\n\t\t\t<div class=\"elementor-widget-wrap elementor-element-populated\">\n\t\t\t\t\t\t<div class=\"elementor-element elementor-element-1e6ad9c elementor-widget elementor-widget-heading\" data-id=\"1e6ad9c\" data-element_type=\"widget\" data-e-type=\"widget\" data-widget_type=\"heading.default\">\n\t\t\t\t<div class=\"elementor-widget-container\">\n\t\t\t\t\t<p class=\"elementor-heading-title elementor-size-default\">L'objectif de la campagne RESPECT est de promouvoir la valeur canadienne fondamentale du RESPECT entre les Canadiens, nos militaires et nos anciens combattants.\n\nL'uniforme m\u00e9rite notre respect et le port de l'uniforme doit \u00eatre synonyme de respect. Les anciens combattants m\u00e9ritent notre respect. Ceux qui souffrent du syndrome de stress post-traumatique ou qui se retrouvent sans abri dans la rue m\u00e9ritent notre respect et ont besoin de notre soutien.<\/p>\t\t\t\t<\/div>\n\t\t\t\t<\/div>\n\t\t\t\t\t<\/div>\n\t\t<\/div>\n\t\t\t\t\t<\/div>\n\t\t<\/section>\n\t\t\t\t<section class=\"elementor-section elementor-top-section elementor-element elementor-element-eecbf57 elementor-section-boxed elementor-section-height-default elementor-section-height-default\" data-id=\"eecbf57\" data-element_type=\"section\" data-e-type=\"section\">\n\t\t\t\t\t\t<div class=\"elementor-container elementor-column-gap-default\">\n\t\t\t\t\t<div class=\"elementor-column elementor-col-100 elementor-top-column elementor-element elementor-element-4e80892\" data-id=\"4e80892\" data-element_type=\"column\" data-e-type=\"column\">\n\t\t\t<div class=\"elementor-widget-wrap elementor-element-populated\">\n\t\t\t\t\t\t<section class=\"elementor-section elementor-inner-section elementor-element elementor-element-b21db72 elementor-section-boxed elementor-section-height-default elementor-section-height-default\" data-id=\"b21db72\" data-element_type=\"section\" data-e-type=\"section\">\n\t\t\t\t\t\t<div class=\"elementor-container elementor-column-gap-default\">\n\t\t\t\t\t<div class=\"elementor-column elementor-col-50 elementor-inner-column elementor-element elementor-element-4160633\" data-id=\"4160633\" data-element_type=\"column\" data-e-type=\"column\">\n\t\t\t<div class=\"elementor-widget-wrap elementor-element-populated\">\n\t\t\t\t\t\t<div class=\"elementor-element elementor-element-0b5919e elementor-widget elementor-widget-text-editor\" data-id=\"0b5919e\" data-element_type=\"widget\" data-e-type=\"widget\" data-widget_type=\"text-editor.default\">\n\t\t\t\t<div class=\"elementor-widget-container\">\n\t\t\t\t\t\t\t\t\t<p><strong>CONTEXTE :<\/strong><\/p><p>La campagne Respect est un projet civil dont le si\u00e8ge se trouve \u00e0 Montr\u00e9al (Qu\u00e9bec). La campagne vise \u00e0 sensibiliser les gens aux besoins de nos troupes et de nos anciens combattants qui reviennent au pays. En octobre 2017, la Campagne du respect a d\u00e9voil\u00e9 un monument sur l'autoroute 40 \u00e0 Kirkland, au Qu\u00e9bec, qui est vu par plus de 100 000 automobilistes chaque jour. Afin de sensibiliser les chefs d'entreprise, la Campagne du respect, en partenariat avec les Services de bien-\u00eatre et de moral des Forces canadiennes (SBMFC), a vendu des \" banni\u00e8res du respect \" pour les b\u00e2timents commerciaux, dont tous les profits ont \u00e9t\u00e9 vers\u00e9s aux SBMFC pour qu'ils les distribuent \u00e0 des causes soutenant la lutte contre le syndrome de stress post-traumatique. Plus de 40 banni\u00e8res ont \u00e9t\u00e9 vendues le long de l'autoroute 40 et sont visibles chaque ann\u00e9e \u00e0 l'automne.<\/p><p><strong>STRAT\u00c9GIE :<\/strong><\/p><p>1) <span style=\"text-decoration: underline;\">Sensibilisation<\/span><br \/>Sensibiliser le public au syndrome de stress post-traumatique et aux v\u00e9t\u00e9rans sans-abri en construisant un monument sp\u00e9cifique et en promouvant les marchandises et les \u00e9v\u00e9nements de RESPECT.<br \/>On l'appelait le c\u0153ur du soldat pendant la guerre civile am\u00e9ricaine, le choc de l'obus pendant la Premi\u00e8re Guerre mondiale et la fatigue du soldat pendant la Seconde Guerre mondiale. Elle existe depuis longtemps et n'est pas pr\u00e8s de dispara\u00eetre. La sensibilisation \u00e0 ce probl\u00e8me doit \u00eatre encourag\u00e9e en permanence.<\/p><p>2) <span style=\"text-decoration: underline;\">Fournir un soutien<\/span><br \/>Collectez des fonds pour aider \u00e0 soutenir notre gouvernement et les Forces canadiennes gr\u00e2ce \u00e0 des marchandises et \u00e0 des \u00e9v\u00e9nements de collecte de fonds.<br \/>Le gouvernement et les Forces canadiennes ne peuvent y parvenir seuls. Ils ont besoin du soutien du public et du monde des affaires. Les fonds collect\u00e9s seront vers\u00e9s aux services de bien-\u00eatre et de maintien du moral des Forces canadiennes et dirig\u00e9s vers des programmes approuv\u00e9s ciblant le syndrome de stress post-traumatique et le sans-abrisme.<\/p><p>3) <span style=\"text-decoration: underline;\">Renforcement de la collaboration<\/span><br \/>Favoriser la prise de conscience et la collaboration entre les groupes et les individus qui s'attaquent aux probl\u00e8mes du stress post-traumatique et du sans-abrisme chez les anciens combattants.<br \/>Ces groupes comprennent des ONG, des h\u00f4pitaux, des organisations caritatives, des associations d'anciens combattants, des gouvernements locaux, les Forces arm\u00e9es canadiennes et le minist\u00e8re des Anciens combattants. Le stress post-traumatique et l'itin\u00e9rance chez les anciens combattants sont des probl\u00e8mes graves qui n\u00e9cessitent un effort collectif et des ressources partag\u00e9es.<\/p><p><strong>PRINCIPE FONDAMENTAL<\/strong><\/p><p>Les personnes qui ont servi et qui souffrent d'un syndrome post-traumatique sont des victimes l\u00e9gitimes du conflit et ont droit aux m\u00eames soins et au m\u00eame soutien que toutes les autres victimes. Les v\u00e9t\u00e9rans sans abri et les personnes souffrant d'un syndrome de stress post-traumatique font partie du conflit et ne doivent pas \u00eatre laiss\u00e9s pour compte.<\/p>\t\t\t\t\t\t\t\t<\/div>\n\t\t\t\t<\/div>\n\t\t\t\t\t<\/div>\n\t\t<\/div>\n\t\t\t\t<div class=\"elementor-column elementor-col-50 elementor-inner-column elementor-element elementor-element-f7ae3b6\" data-id=\"f7ae3b6\" data-element_type=\"column\" data-e-type=\"column\">\n\t\t\t<div class=\"elementor-widget-wrap elementor-element-populated\">\n\t\t\t\t\t\t<div class=\"elementor-element elementor-element-adf0ded elementor-position-top elementor-widget elementor-widget-image-box\" data-id=\"adf0ded\" data-element_type=\"widget\" data-e-type=\"widget\" data-widget_type=\"image-box.default\">\n\t\t\t\t<div class=\"elementor-widget-container\">\n\t\t\t\t\t<div class=\"elementor-image-box-wrapper\"><figure class=\"elementor-image-box-img\"><img fetchpriority=\"high\" decoding=\"async\" width=\"358\" height=\"520\" src=\"https:\/\/respectcanada.org\/wp-content\/uploads\/2023\/07\/Soldiers-Helping-Soldiers.jpg\" class=\"attachment-full size-full wp-image-1927\" alt=\"\" srcset=\"https:\/\/respectcanada.org\/wp-content\/uploads\/2023\/07\/Soldiers-Helping-Soldiers.jpg 358w, https:\/\/respectcanada.org\/wp-content\/uploads\/2023\/07\/Soldiers-Helping-Soldiers-207x300.jpg 207w, https:\/\/respectcanada.org\/wp-content\/uploads\/2023\/07\/Soldiers-Helping-Soldiers-8x12.jpg 8w\" sizes=\"(max-width: 358px) 100vw, 358px\" \/><\/figure><div class=\"elementor-image-box-content\"><h3 class=\"elementor-image-box-title\">Les soldats qui aident les soldats (SHS)<\/h3><p class=\"elementor-image-box-description\">Soldiers Helping Soldiers (SHS) est une activit\u00e9 b\u00e9n\u00e9vole, d\u00e9velopp\u00e9e \u00e0 l'initiative du personnel en service, qui vise \u00e0 mettre en relation les v\u00e9t\u00e9rans sans-abri et\/ou les v\u00e9t\u00e9rans ou les membres en service qui ne sont pas encore sans-abri, mais qui sont en passe de le devenir, avec les services et les avantages auxquels ils ont droit.<\/p><\/div><\/div>\t\t\t\t<\/div>\n\t\t\t\t<\/div>\n\t\t\t\t\t<\/div>\n\t\t<\/div>\n\t\t\t\t\t<\/div>\n\t\t<\/section>\n\t\t\t\t\t<\/div>\n\t\t<\/div>\n\t\t\t\t\t<\/div>\n\t\t<\/section>\n\t\t\t\t<\/div>","protected":false},"excerpt":{"rendered":"<p>The RESPECT Campaign The purpose of the RESPECT Campaign is to promote the core Canadian value of RESPECT between Canadians, our Military and Veterans. The uniform deserves our respect and wearing the uniform must display respect. Veterans deserve our respect. Those who are suffering from PTSD or those who end up homeless on the street [&hellip;]<\/p>\n","protected":false},"author":3,"featured_media":0,"parent":0,"menu_order":0,"comment_status":"closed","ping_status":"closed","template":"elementor_header_footer","meta":{"footnotes":""},"class_list":["post-1921","page","type-page","status-publish","hentry"],"_links":{"self":[{"href":"https:\/\/respectcanada.org\/fr\/wp-json\/wp\/v2\/pages\/1921","targetHints":{"allow":["GET"]}}],"collection":[{"href":"https:\/\/respectcanada.org\/fr\/wp-json\/wp\/v2\/pages"}],"about":[{"href":"https:\/\/respectcanada.org\/fr\/wp-json\/wp\/v2\/types\/page"}],"author":[{"embeddable":true,"href":"https:\/\/respectcanada.org\/fr\/wp-json\/wp\/v2\/users\/3"}],"replies":[{"embeddable":true,"href":"https:\/\/respectcanada.org\/fr\/wp-json\/wp\/v2\/comments?post=1921"}],"version-history":[{"count":5,"href":"https:\/\/respectcanada.org\/fr\/wp-json\/wp\/v2\/pages\/1921\/revisions"}],"predecessor-version":[{"id":2219,"href":"https:\/\/respectcanada.org\/fr\/wp-json\/wp\/v2\/pages\/1921\/revisions\/2219"}],"wp:attachment":[{"href":"https:\/\/respectcanada.org\/fr\/wp-json\/wp\/v2\/media?parent=1921"}],"curies":[{"name":"wp","href":"https:\/\/api.w.org\/{rel}","templated":true}]}}