{"id":1176,"date":"2023-02-22T21:44:16","date_gmt":"2023-02-22T21:44:16","guid":{"rendered":"https:\/\/respectcanada.org\/?page_id=1176"},"modified":"2023-03-03T19:52:52","modified_gmt":"2023-03-03T19:52:52","slug":"activities","status":"publish","type":"page","link":"https:\/\/respectcanada.org\/fr\/activities\/","title":{"rendered":"Activit\u00e9s"},"content":{"rendered":"<div data-elementor-type=\"wp-page\" data-elementor-id=\"1176\" class=\"elementor elementor-1176\" data-elementor-post-type=\"page\">\n\t\t\t\t\t\t<section class=\"elementor-section elementor-top-section elementor-element elementor-element-45a8f90 elementor-section-height-min-height elementor-section-boxed elementor-section-height-default elementor-section-items-middle elementor-invisible\" data-id=\"45a8f90\" data-element_type=\"section\" data-e-type=\"section\" data-settings=\"{&quot;background_background&quot;:&quot;classic&quot;,&quot;animation&quot;:&quot;fadeIn&quot;}\">\n\t\t\t\t\t\t\t<div class=\"elementor-background-overlay\"><\/div>\n\t\t\t\t\t\t\t<div class=\"elementor-container elementor-column-gap-default\">\n\t\t\t\t\t<div class=\"elementor-column elementor-col-100 elementor-top-column elementor-element elementor-element-bfe9982\" data-id=\"bfe9982\" data-element_type=\"column\" data-e-type=\"column\">\n\t\t\t<div class=\"elementor-widget-wrap elementor-element-populated\">\n\t\t\t\t\t\t<section class=\"elementor-section elementor-inner-section elementor-element elementor-element-653b750 elementor-section-boxed elementor-section-height-default elementor-section-height-default elementor-invisible\" data-id=\"653b750\" data-element_type=\"section\" data-e-type=\"section\" data-settings=\"{&quot;animation&quot;:&quot;fadeInUp&quot;}\">\n\t\t\t\t\t\t<div class=\"elementor-container elementor-column-gap-default\">\n\t\t\t\t\t<div class=\"elementor-column elementor-col-50 elementor-inner-column elementor-element elementor-element-bb116dd elementor-invisible\" data-id=\"bb116dd\" data-element_type=\"column\" data-e-type=\"column\" data-settings=\"{&quot;animation&quot;:&quot;fadeInLeft&quot;}\">\n\t\t\t<div class=\"elementor-widget-wrap elementor-element-populated\">\n\t\t\t\t\t\t<div class=\"elementor-element elementor-element-aa86f5a elementor-widget elementor-widget-heading\" data-id=\"aa86f5a\" data-element_type=\"widget\" data-e-type=\"widget\" data-widget_type=\"heading.default\">\n\t\t\t\t<div class=\"elementor-widget-container\">\n\t\t\t\t\t<h1 class=\"elementor-heading-title elementor-size-default\">Activit\u00e9s<\/h1>\t\t\t\t<\/div>\n\t\t\t\t<\/div>\n\t\t\t\t<div class=\"elementor-element elementor-element-b5cfbfd elementor-widget elementor-widget-text-editor\" data-id=\"b5cfbfd\" data-element_type=\"widget\" data-e-type=\"widget\" data-widget_type=\"text-editor.default\">\n\t\t\t\t<div class=\"elementor-widget-container\">\n\t\t\t\t\t\t\t\t\t<p>Beaucoup de gens ne sont pas conscients de la situation critique de nos anciens combattants et de notre personnel d'intervention d'urgence. En pr\u00e9sentant et en faisant conna\u00eetre des \u00e9v\u00e9nements susceptibles d'int\u00e9resser le grand public, nous sensibilisons l'opinion et obtenons des fonds tr\u00e8s pr\u00e9cieux pour nos initiatives et nos partenaires.<\/p>\t\t\t\t\t\t\t\t<\/div>\n\t\t\t\t<\/div>\n\t\t\t\t\t<\/div>\n\t\t<\/div>\n\t\t\t\t<div class=\"elementor-column elementor-col-50 elementor-inner-column elementor-element elementor-element-afe991b\" data-id=\"afe991b\" data-element_type=\"column\" data-e-type=\"column\">\n\t\t\t<div class=\"elementor-widget-wrap\">\n\t\t\t\t\t\t\t<\/div>\n\t\t<\/div>\n\t\t\t\t\t<\/div>\n\t\t<\/section>\n\t\t\t\t\t<\/div>\n\t\t<\/div>\n\t\t\t\t\t<\/div>\n\t\t<\/section>\n\t\t\t\t<section class=\"elementor-section elementor-top-section elementor-element elementor-element-c60765d elementor-section-boxed elementor-section-height-default elementor-section-height-default\" data-id=\"c60765d\" data-element_type=\"section\" data-e-type=\"section\">\n\t\t\t\t\t\t<div class=\"elementor-container elementor-column-gap-default\">\n\t\t\t\t\t<div class=\"elementor-column elementor-col-100 elementor-top-column elementor-element elementor-element-9745565 elementor-invisible\" data-id=\"9745565\" data-element_type=\"column\" data-e-type=\"column\" data-settings=\"{&quot;animation&quot;:&quot;fadeInUp&quot;}\">\n\t\t\t<div class=\"elementor-widget-wrap elementor-element-populated\">\n\t\t\t\t\t\t<div class=\"elementor-element elementor-element-0abf41a elementor-widget elementor-widget-shortcode\" data-id=\"0abf41a\" data-element_type=\"widget\" data-e-type=\"widget\" data-widget_type=\"shortcode.default\">\n\t\t\t\t<div class=\"elementor-widget-container\">\n\t\t\t\t\t\t\t<div class=\"elementor-shortcode\">\t\t<div data-elementor-type=\"section\" data-elementor-id=\"1493\" class=\"elementor elementor-1493\" data-elementor-post-type=\"elementor_library\">\n\t\t\t\t\t<section class=\"elementor-section elementor-top-section elementor-element elementor-element-75ddafcd elementor-section-boxed elementor-section-height-default elementor-section-height-default\" data-id=\"75ddafcd\" data-element_type=\"section\" data-e-type=\"section\">\n\t\t\t\t\t\t<div class=\"elementor-container elementor-column-gap-default\">\n\t\t\t\t\t<div class=\"elementor-column elementor-col-100 elementor-top-column elementor-element elementor-element-76d2b047\" data-id=\"76d2b047\" data-element_type=\"column\" data-e-type=\"column\">\n\t\t\t<div class=\"elementor-widget-wrap elementor-element-populated\">\n\t\t\t\t\t\t<div class=\"elementor-element elementor-element-5130aef0 elementor-widget elementor-widget-heading\" data-id=\"5130aef0\" data-element_type=\"widget\" data-e-type=\"widget\" data-widget_type=\"heading.default\">\n\t\t\t\t<div class=\"elementor-widget-container\">\n\t\t\t\t\t<h2 class=\"elementor-heading-title elementor-size-default\">Nos activit\u00e9s<\/h2>\t\t\t\t<\/div>\n\t\t\t\t<\/div>\n\t\t\t\t<section class=\"elementor-section elementor-inner-section elementor-element elementor-element-30ea287d elementor-section-boxed elementor-section-height-default elementor-section-height-default\" data-id=\"30ea287d\" data-element_type=\"section\" data-e-type=\"section\">\n\t\t\t\t\t\t<div class=\"elementor-container elementor-column-gap-default\">\n\t\t\t\t\t<div class=\"elementor-column elementor-col-50 elementor-inner-column elementor-element elementor-element-34df4152\" data-id=\"34df4152\" data-element_type=\"column\" data-e-type=\"column\">\n\t\t\t<div class=\"elementor-widget-wrap elementor-element-populated\">\n\t\t\t\t\t\t<div class=\"elementor-element elementor-element-6f8f3e8d elementor-cta--layout-image-left elementor-cta--skin-classic elementor-animated-content elementor-bg-transform elementor-bg-transform-zoom-in elementor-widget elementor-widget-call-to-action\" data-id=\"6f8f3e8d\" data-element_type=\"widget\" data-e-type=\"widget\" data-widget_type=\"call-to-action.default\">\n\t\t\t\t<div class=\"elementor-widget-container\">\n\t\t\t\t\t\t\t<a class=\"elementor-cta\" href=\"https:\/\/respectcanada.org\/fr\/local-meetings\/\">\n\t\t\t\t\t<div class=\"elementor-cta__bg-wrapper\">\n\t\t\t\t<div class=\"elementor-cta__bg elementor-bg\" style=\"background-image: url(https:\/\/respectcanada.org\/wp-content\/uploads\/2023\/03\/respect-canada-veteran-1024x683.jpeg);\" role=\"img\" aria-label=\"Arthur Dub\u00e9, ancien combattant canadien de la Seconde Guerre mondiale, participe \u00e0 une c\u00e9r\u00e9monie en hommage au capitaine Paul Triquet, ancien combattant canadien de la Seconde Guerre mondiale, \u00e0 la Casa Berardi \u00e0 Ortona, en Italie, le 2 d\u00e9cembre 2019.Photo : Sergent Vincent Carbonneau, Cam\u00e9ra de combat des Forces canadiennesIS02-2019-0024-011~Arthur Dub\u00e9, ancien combattant canadien de la Seconde Guerre mondiale, participe \u00e0 une c\u00e9r\u00e9monie en hommage au capitaine Paul Triquet, ancien combattant canadien de la Seconde Guerre mondiale, \u00e0 la Casa Berardi, \u00e0 Ortona, en Italie, le 2 d\u00e9cembre 2019.Photo : Sergent Vincent Carbonneau, Cam\u00e9ra de combat des Forces canadiennesIS02-2019-0024-011\"><\/div>\n\t\t\t\t<div class=\"elementor-cta__bg-overlay\"><\/div>\n\t\t\t<\/div>\n\t\t\t\t\t\t\t<div class=\"elementor-cta__content\">\n\t\t\t\t\n\t\t\t\t\t\t\t\t\t<h3 class=\"elementor-cta__title elementor-cta__content-item elementor-content-item\">\n\t\t\t\t\t\tR\u00e9unions locales\t\t\t\t\t<\/h3>\n\t\t\t\t\n\t\t\t\t\t\t\t\t\t<div class=\"elementor-cta__description elementor-cta__content-item elementor-content-item\">\n\t\t\t\t\t\tNous organisons des r\u00e9unions chaque printemps et chaque automne dans plus de 20 endroits au Canada afin de rassembler les organisations et les personnes qui travaillent \u00e0 l'am\u00e9lioration de la sant\u00e9 mentale et de la qualit\u00e9 de vie de nos anciens combattants, des intervenants d'urgence et de leurs familles.\t\t\t\t\t<\/div>\n\t\t\t\t\n\t\t\t\t\t\t\t\t\t<div class=\"elementor-cta__button-wrapper elementor-cta__content-item elementor-content-item\">\n\t\t\t\t\t<span class=\"elementor-cta__button elementor-button elementor-size-\">\n\t\t\t\t\t\tEn savoir plus\t\t\t\t\t<\/span>\n\t\t\t\t\t<\/div>\n\t\t\t\t\t\t\t<\/div>\n\t\t\t\t\t\t<\/a>\n\t\t\t\t\t\t<\/div>\n\t\t\t\t<\/div>\n\t\t\t\t\t<\/div>\n\t\t<\/div>\n\t\t\t\t<div class=\"elementor-column elementor-col-50 elementor-inner-column elementor-element elementor-element-5687bcf8\" data-id=\"5687bcf8\" data-element_type=\"column\" data-e-type=\"column\">\n\t\t\t<div class=\"elementor-widget-wrap elementor-element-populated\">\n\t\t\t\t\t\t<div class=\"elementor-element elementor-element-177cb129 elementor-cta--layout-image-left elementor-cta--skin-classic elementor-animated-content elementor-bg-transform elementor-bg-transform-zoom-in elementor-widget elementor-widget-call-to-action\" data-id=\"177cb129\" data-element_type=\"widget\" data-e-type=\"widget\" data-widget_type=\"call-to-action.default\">\n\t\t\t\t<div class=\"elementor-widget-container\">\n\t\t\t\t\t\t\t<div class=\"elementor-cta\">\n\t\t\t\t\t<div class=\"elementor-cta__bg-wrapper\">\n\t\t\t\t<div class=\"elementor-cta__bg elementor-bg\" style=\"background-image: url(https:\/\/respectcanada.org\/wp-content\/uploads\/2023\/03\/femme-respect-canada-1024x735.jpeg);\" role=\"img\" aria-label=\"Le matelot de 3e classe Nour Houdeib communique avec les plongeurs qui utilisent le syst\u00e8me de plong\u00e9e ultra l\u00e9ger lors d&#039;un exercice de plong\u00e9e national de la R\u00e9serve navale au NCSM QUADRA \u00e0 Comox, en Colombie-Britannique, le 29 janvier 2023.Photo : Master Sailor Valerie LeClair, MARPAC Imaging Services~La matelot de 3e classe Nour Houdeib communique avec des plongeurs qui utilisent le syst\u00e8me de plong\u00e9e non autonome ultra l\u00e9ger lors dun exercice de plong\u00e9e national de la R\u00e9serve navale au NCSM QUADRA, \u00e0 Comox (C. B.), le 29 janvier 2023.Photo : Matelot chef Valerie LeClair, Services dimagerie des FMAR(P)\"><\/div>\n\t\t\t\t<div class=\"elementor-cta__bg-overlay\"><\/div>\n\t\t\t<\/div>\n\t\t\t\t\t\t\t<div class=\"elementor-cta__content\">\n\t\t\t\t\n\t\t\t\t\t\t\t\t\t<h3 class=\"elementor-cta__title elementor-cta__content-item elementor-content-item\">\n\t\t\t\t\t\tSensibilisation acad\u00e9mique\t\t\t\t\t<\/h3>\n\t\t\t\t\n\t\t\t\t\t\t\t\t\t<div class=\"elementor-cta__description elementor-cta__content-item elementor-content-item\">\n\t\t\t\t\t\tNous menons des actions de sensibilisation aupr\u00e8s des universitaires et des \u00e9ducateurs afin de faciliter le partage des connaissances, la collaboration et la recherche scientifique qui jette un pont entre la th\u00e9orie et la pratique.\t\t\t\t\t<\/div>\n\t\t\t\t\n\t\t\t\t\t\t\t\t\t<div class=\"elementor-cta__button-wrapper elementor-cta__content-item elementor-content-item\">\n\t\t\t\t\t<a class=\"elementor-cta__button elementor-button elementor-size-\" href=\"https:\/\/respectcanada.org\/fr\/academic-outreach\/\">\n\t\t\t\t\t\tEn savoir plus\t\t\t\t\t<\/a>\n\t\t\t\t\t<\/div>\n\t\t\t\t\t\t\t<\/div>\n\t\t\t\t\t\t<\/div>\n\t\t\t\t\t\t<\/div>\n\t\t\t\t<\/div>\n\t\t\t\t\t<\/div>\n\t\t<\/div>\n\t\t\t\t\t<\/div>\n\t\t<\/section>\n\t\t\t\t<section class=\"elementor-section elementor-inner-section elementor-element elementor-element-709161ec elementor-section-height-min-height elementor-section-content-space-between elementor-section-boxed elementor-section-height-default\" data-id=\"709161ec\" data-element_type=\"section\" data-e-type=\"section\">\n\t\t\t\t\t\t<div class=\"elementor-container elementor-column-gap-default\">\n\t\t\t\t\t<div class=\"elementor-column elementor-col-50 elementor-inner-column elementor-element elementor-element-483b5c19\" data-id=\"483b5c19\" data-element_type=\"column\" data-e-type=\"column\">\n\t\t\t<div class=\"elementor-widget-wrap elementor-element-populated\">\n\t\t\t\t\t\t<div class=\"elementor-element elementor-element-4f4a6602 elementor-cta--layout-image-left elementor-cta--skin-classic elementor-animated-content elementor-bg-transform elementor-bg-transform-zoom-in elementor-widget elementor-widget-call-to-action\" data-id=\"4f4a6602\" data-element_type=\"widget\" data-e-type=\"widget\" data-widget_type=\"call-to-action.default\">\n\t\t\t\t<div class=\"elementor-widget-container\">\n\t\t\t\t\t\t\t<div class=\"elementor-cta\">\n\t\t\t\t\t<div class=\"elementor-cta__bg-wrapper\">\n\t\t\t\t<div class=\"elementor-cta__bg elementor-bg\" style=\"background-image: url(https:\/\/respectcanada.org\/wp-content\/uploads\/2023\/02\/respect-canada-indigenous-robert-thibeau.png);\" role=\"img\" aria-label=\"respect canada - autochtones - robert thibeau\"><\/div>\n\t\t\t\t<div class=\"elementor-cta__bg-overlay\"><\/div>\n\t\t\t<\/div>\n\t\t\t\t\t\t\t<div class=\"elementor-cta__content\">\n\t\t\t\t\n\t\t\t\t\t\t\t\t\t<h3 class=\"elementor-cta__title elementor-cta__content-item elementor-content-item\">\n\t\t\t\t\t\tSensibilisation des autochtones\t\t\t\t\t<\/h3>\n\t\t\t\t\n\t\t\t\t\t\t\t\t\t<div class=\"elementor-cta__description elementor-cta__content-item elementor-content-item\">\n\t\t\t\t\t\tLe Cercle consultatif autochtone r\u00e9unit des repr\u00e9sentants et des a\u00een\u00e9s autochtones tr\u00e8s respect\u00e9s qui fournissent des conseils permettant de jeter des ponts et d'am\u00e9liorer les services offerts aux anciens combattants, aux intervenants d'urgence et aux familles des Premi\u00e8res nations, des M\u00e9tis et des Inuits du Canada.\t\t\t\t\t<\/div>\n\t\t\t\t\n\t\t\t\t\t\t\t\t\t<div class=\"elementor-cta__button-wrapper elementor-cta__content-item elementor-content-item\">\n\t\t\t\t\t<a class=\"elementor-cta__button elementor-button elementor-size-\" href=\"https:\/\/respectcanada.org\/fr\/indigenous-outreach\/\">\n\t\t\t\t\t\tEn savoir plus\t\t\t\t\t<\/a>\n\t\t\t\t\t<\/div>\n\t\t\t\t\t\t\t<\/div>\n\t\t\t\t\t\t<\/div>\n\t\t\t\t\t\t<\/div>\n\t\t\t\t<\/div>\n\t\t\t\t\t<\/div>\n\t\t<\/div>\n\t\t\t\t<div class=\"elementor-column elementor-col-50 elementor-inner-column elementor-element elementor-element-7d88bf0e\" data-id=\"7d88bf0e\" data-element_type=\"column\" data-e-type=\"column\">\n\t\t\t<div class=\"elementor-widget-wrap elementor-element-populated\">\n\t\t\t\t\t\t<div class=\"elementor-element elementor-element-10972887 elementor-cta--layout-image-left elementor-cta--skin-classic elementor-animated-content elementor-bg-transform elementor-bg-transform-zoom-in elementor-widget elementor-widget-call-to-action\" data-id=\"10972887\" data-element_type=\"widget\" data-e-type=\"widget\" data-widget_type=\"call-to-action.default\">\n\t\t\t\t<div class=\"elementor-widget-container\">\n\t\t\t\t\t\t\t<div class=\"elementor-cta\">\n\t\t\t\t\t<div class=\"elementor-cta__bg-wrapper\">\n\t\t\t\t<div class=\"elementor-cta__bg elementor-bg\" style=\"background-image: url(https:\/\/respectcanada.org\/wp-content\/uploads\/2023\/03\/woman-army-respect-canada-1024x682.jpeg);\" role=\"img\" aria-label=\"Crewmembers onboard Her Majesty&#039;s Canadian Ship (HMCS) CHARLOTTETOWN conduct training exercises while on route from Halifax, Nova Scotia to the Mediterranean Sea during Mission Specific Readiness Training (MSRT) on June 28, 2016.Photo: Cpl Blaine Sewell, Formation Imaging ServicesRP10-2016-0002-003~Des membres d\u0092\u00e9quipage du Navire canadien de Sa Majest\u00e9 (NCSM) CHARLOTTETOWN effectuent des exercices d\u0092entra\u00eenement lors de leur trajet entre Halifax (Nouvelle \u00c9cosse) et la M\u00e9diterran\u00e9e dans le cadre d\u0092une instruction li\u00e9e \u00e0 la disponibilit\u00e9 op\u00e9rationnelle propre \u00e0 la mission, le 28 juin 2016.Photo : Cpl Blaine Sewell, Services d\u0092imagerie de la formation RP10-2016-0002-003\"><\/div>\n\t\t\t\t<div class=\"elementor-cta__bg-overlay\"><\/div>\n\t\t\t<\/div>\n\t\t\t\t\t\t\t<div class=\"elementor-cta__content\">\n\t\t\t\t\n\t\t\t\t\t\t\t\t\t<h3 class=\"elementor-cta__title elementor-cta__content-item elementor-content-item\">\n\t\t\t\t\t\tSensibilisation des femmes\t\t\t\t\t<\/h3>\n\t\t\t\t\n\t\t\t\t\t\t\t\t\t<div class=\"elementor-cta__description elementor-cta__content-item elementor-content-item\">\n\t\t\t\t\t\tNous organisons des activit\u00e9s et menons des actions de sensibilisation pour am\u00e9liorer la compr\u00e9hension et surmonter les obstacles pour les femmes et les v\u00e9t\u00e9rans LGBTQ, les intervenants d'urgence et leurs familles.\t\t\t\t\t<\/div>\n\t\t\t\t\n\t\t\t\t\t\t\t\t\t<div class=\"elementor-cta__button-wrapper elementor-cta__content-item elementor-content-item\">\n\t\t\t\t\t<a class=\"elementor-cta__button elementor-button elementor-size-\" href=\"https:\/\/respectcanada.org\/fr\/womens-outreach\/\">\n\t\t\t\t\t\tEn savoir plus\t\t\t\t\t<\/a>\n\t\t\t\t\t<\/div>\n\t\t\t\t\t\t\t<\/div>\n\t\t\t\t\t\t<\/div>\n\t\t\t\t\t\t<\/div>\n\t\t\t\t<\/div>\n\t\t\t\t\t<\/div>\n\t\t<\/div>\n\t\t\t\t\t<\/div>\n\t\t<\/section>\n\t\t\t\t\t<\/div>\n\t\t<\/div>\n\t\t\t\t\t<\/div>\n\t\t<\/section>\n\t\t\t\t<\/div>\n\t\t<\/div>\n\t\t\t\t\t\t<\/div>\n\t\t\t\t<\/div>\n\t\t\t\t\t<\/div>\n\t\t<\/div>\n\t\t\t\t\t<\/div>\n\t\t<\/section>\n\t\t\t\t<\/div>","protected":false},"excerpt":{"rendered":"<p>Activit\u00e9s De nombreuses personnes ne sont pas conscientes de la situation difficile dans laquelle se trouvent nos anciens combattants et notre personnel d'intervention d'urgence. En pr\u00e9sentant et en faisant conna\u00eetre des \u00e9v\u00e9nements susceptibles d'int\u00e9resser le grand public, nous sensibilisons les gens et nous obtenons des fonds tr\u00e8s pr\u00e9cieux pour nos initiatives et nos partenaires.<\/p>","protected":false},"author":3,"featured_media":0,"parent":0,"menu_order":0,"comment_status":"closed","ping_status":"closed","template":"elementor_header_footer","meta":{"footnotes":""},"class_list":["post-1176","page","type-page","status-publish","hentry"],"_links":{"self":[{"href":"https:\/\/respectcanada.org\/fr\/wp-json\/wp\/v2\/pages\/1176","targetHints":{"allow":["GET"]}}],"collection":[{"href":"https:\/\/respectcanada.org\/fr\/wp-json\/wp\/v2\/pages"}],"about":[{"href":"https:\/\/respectcanada.org\/fr\/wp-json\/wp\/v2\/types\/page"}],"author":[{"embeddable":true,"href":"https:\/\/respectcanada.org\/fr\/wp-json\/wp\/v2\/users\/3"}],"replies":[{"embeddable":true,"href":"https:\/\/respectcanada.org\/fr\/wp-json\/wp\/v2\/comments?post=1176"}],"version-history":[{"count":0,"href":"https:\/\/respectcanada.org\/fr\/wp-json\/wp\/v2\/pages\/1176\/revisions"}],"wp:attachment":[{"href":"https:\/\/respectcanada.org\/fr\/wp-json\/wp\/v2\/media?parent=1176"}],"curies":[{"name":"wp","href":"https:\/\/api.w.org\/{rel}","templated":true}]}}